{"id":3814,"date":"2025-05-28T23:27:50","date_gmt":"2025-05-28T21:27:50","guid":{"rendered":"http:\/\/best.krakow.pl\/?page_id=3814"},"modified":"2026-03-23T17:58:01","modified_gmt":"2026-03-23T16:58:01","slug":"wspolpraca","status":"publish","type":"page","link":"https:\/\/best.krakow.pl\/en\/wspolpraca\/","title":{"rendered":"Wsp\u00f3\u0142praca z BEST AGH Krak\u00f3w \u2013 partnerstwa, projekty i inicjatywy studenckie"},"content":{"rendered":"<div data-elementor-type=\"wp-page\" data-elementor-id=\"3814\" class=\"elementor elementor-3814\">\n\t\t\t\t<div class=\"elementor-element elementor-element-1639820 e-flex e-con-boxed jltma-glass-effect-no e-con e-parent\" data-id=\"1639820\" data-element_type=\"container\" data-settings=\"{&quot;background_background&quot;:&quot;classic&quot;}\">\n\t\t\t\t\t<div class=\"e-con-inner\">\n\t\t\t\t<div class=\"elementor-element elementor-element-55aab26 jltma-glass-effect-no elementor-widget elementor-widget-heading\" data-id=\"55aab26\" data-element_type=\"widget\" data-widget_type=\"heading.default\">\n\t\t\t\t\t<h1 class=\"elementor-heading-title elementor-size-default\">Cooperation offer<\/h1>\t\t\t\t<\/div>\n\t\t\t\t\t<\/div>\n\t\t\t\t<\/div>\n\t\t<div class=\"elementor-element elementor-element-1a714af e-flex e-con-boxed jltma-glass-effect-no e-con e-parent\" data-id=\"1a714af\" data-element_type=\"container\" data-settings=\"{&quot;background_background&quot;:&quot;classic&quot;}\">\n\t\t\t\t\t<div class=\"e-con-inner\">\n\t\t\t\t<div class=\"elementor-element elementor-element-d274fed jltma-glass-effect-no elementor-widget elementor-widget-text-editor\" data-id=\"d274fed\" data-element_type=\"widget\" data-widget_type=\"text-editor.default\">\n\t\t\t\t\t\t\t\t\t<p><strong>Board of European Students of Technology<\/strong>\u00a0is a non-politically connected non-profit student organization operating at European technical universities. Being students, we understand how important both theoretical and practical knowledge is, and therefore the goal of our organization is to integrate the three communities: student, academic and business.<\/p><p>Through the organization of academic and non-academic (e.g., taking place at specific companies) courses and scientific symposia, at home and abroad, we create opportunities for students to improve their skills and expand their knowledge. Nevertheless, we keep in mind that all this - learning and education - is supposed to be a ticket to a better start in the labor market. That's why we are helping to shape contacts between students and companies.<\/p><p>We present companies to students - their nature, structure and employment opportunities, including through workshops, training courses and company days, but we also assist companies in recruiting students - potential employees, including through the Engineering Job Fair.<\/p>\t\t\t\t\t\t\t\t<\/div>\n\t\t\t\t\t<\/div>\n\t\t\t\t<\/div>\n\t\t<div class=\"elementor-element elementor-element-5a3a90e e-flex e-con-boxed jltma-glass-effect-no e-con e-parent\" data-id=\"5a3a90e\" data-element_type=\"container\" data-settings=\"{&quot;background_background&quot;:&quot;classic&quot;}\">\n\t\t\t\t\t<div class=\"e-con-inner\">\n\t\t\t\t<div class=\"elementor-element elementor-element-9695c9f jltma-glass-effect-no elementor-widget elementor-widget-heading\" data-id=\"9695c9f\" data-element_type=\"widget\" data-widget_type=\"heading.default\">\n\t\t\t\t\t<h2 class=\"elementor-heading-title elementor-size-default\">Annual Partners<\/h2>\t\t\t\t<\/div>\n\t\t\t\t\t<\/div>\n\t\t\t\t<\/div>\n\t\t<div class=\"elementor-element elementor-element-923e219 e-flex e-con-boxed jltma-glass-effect-no e-con e-parent\" data-id=\"923e219\" data-element_type=\"container\" data-settings=\"{&quot;background_background&quot;:&quot;classic&quot;}\">\n\t\t\t\t\t<div class=\"e-con-inner\">\n\t\t\t\t<div class=\"elementor-element elementor-element-f0cbb2e jltma-glass-effect-no elementor-widget elementor-widget-text-editor\" data-id=\"f0cbb2e\" data-element_type=\"widget\" data-widget_type=\"text-editor.default\">\n\t\t\t\t\t\t\t\t\t<p>Our organization, through cooperation with companies, seeks to bring the student and business communities closer together in order to learn about each other's expectations and, consequently, make it easier for students to choose their career path. We conduct regular cooperation with corporations such as\u00a0<strong>Aptiv<\/strong>, who support and enhance the projects implemented by our Association. Among the members of BEST are ambassadors who take care of the good image of the Annual Partners at the university, and are responsible for providing information regarding employment and work methodology to interested students.<\/p>\t\t\t\t\t\t\t\t<\/div>\n\t\t\t\t\t<\/div>\n\t\t\t\t<\/div>\n\t\t<div class=\"elementor-element elementor-element-7dfa1e0 e-flex e-con-boxed jltma-glass-effect-no e-con e-parent\" data-id=\"7dfa1e0\" data-element_type=\"container\" data-settings=\"{&quot;background_background&quot;:&quot;classic&quot;}\">\n\t\t\t\t\t<div class=\"e-con-inner\">\n\t\t\t\t<div class=\"elementor-element elementor-element-77830db jltma-glass-effect-no elementor-widget elementor-widget-image\" data-id=\"77830db\" data-element_type=\"widget\" data-widget_type=\"image.default\">\n\t\t\t\t\t\t\t\t\t\t\t\t\t\t\t<img decoding=\"async\" width=\"284\" height=\"108\" src=\"https:\/\/best.krakow.pl\/wp-content\/uploads\/2025\/05\/Aptiv-2.png\" class=\"attachment-large size-large wp-image-3821\" alt=\"\" \/>\t\t\t\t\t\t\t\t\t\t\t\t\t\t\t<\/div>\n\t\t\t\t\t<\/div>\n\t\t\t\t<\/div>\n\t\t<div class=\"elementor-element elementor-element-5a3a177 e-flex e-con-boxed jltma-glass-effect-no e-con e-parent\" data-id=\"5a3a177\" data-element_type=\"container\" data-settings=\"{&quot;background_background&quot;:&quot;classic&quot;}\">\n\t\t\t\t\t<div class=\"e-con-inner\">\n\t\t\t\t<div class=\"elementor-element elementor-element-eaf9d9d jltma-glass-effect-no elementor-widget elementor-widget-xpro-team\" data-id=\"eaf9d9d\" data-element_type=\"widget\" data-settings=\"{&quot;layout&quot;:&quot;1&quot;}\" data-widget_type=\"xpro-team.default\">\n\t\t\t\t\t\n<div class=\"xpro-team-wrapper xpro-team-layout-1\">\n\t\n\t\t<div class=\"xpro-team-image\">\n\t\t<img fetchpriority=\"high\" decoding=\"async\" width=\"1003\" height=\"1328\" src=\"https:\/\/best.krakow.pl\/wp-content\/uploads\/2025\/12\/Anna-Martyka-01.webp\" class=\"attachment-full size-full\" alt=\"Prezes BEST AGH Krak\u00f3w\" srcset=\"https:\/\/best.krakow.pl\/wp-content\/uploads\/2025\/12\/Anna-Martyka-01.webp 1003w, https:\/\/best.krakow.pl\/wp-content\/uploads\/2025\/12\/Anna-Martyka-01-227x300.webp 227w, https:\/\/best.krakow.pl\/wp-content\/uploads\/2025\/12\/Anna-Martyka-01-773x1024.webp 773w, https:\/\/best.krakow.pl\/wp-content\/uploads\/2025\/12\/Anna-Martyka-01-768x1017.webp 768w, https:\/\/best.krakow.pl\/wp-content\/uploads\/2025\/12\/Anna-Martyka-01-250x330.webp 250w, https:\/\/best.krakow.pl\/wp-content\/uploads\/2025\/12\/Anna-Martyka-01-9x12.webp 9w\" sizes=\"(max-width: 1003px) 100vw, 1003px\" \/>\t\t\t\t<\/div>\n<div class=\"xpro-team-content\">\n\t\t\t\t<h2\tclass=\"xpro-team-title\">Anna Martyka<\/h2>\n\t\t\t<h4 class=\"xpro-team-designation\">President<\/h4>\n\t\t\n<\/div>\n<\/div>\n\t\t\t\t<\/div>\n\t\t\t\t<div class=\"elementor-element elementor-element-7068f99 jltma-glass-effect-no elementor-widget elementor-widget-text-editor\" data-id=\"7068f99\" data-element_type=\"widget\" data-widget_type=\"text-editor.default\">\n\t\t\t\t\t\t\t\t\t<p><strong>If you are interested in<\/strong><br \/><strong>cooperation, we invite you to contact us:<\/strong><\/p><p><a class=\"mail\" href=\"mailto:anna.martyka@BEST.krakow.pl\">Anna.Martyka@BEST.krakow.pl<\/a><\/p>\t\t\t\t\t\t\t\t<\/div>\n\t\t\t\t\t<\/div>\n\t\t\t\t<\/div>\n\t\t<div class=\"elementor-element elementor-element-b4ff45e e-flex e-con-boxed jltma-glass-effect-no e-con e-parent\" data-id=\"b4ff45e\" data-element_type=\"container\" data-settings=\"{&quot;background_background&quot;:&quot;classic&quot;}\">\n\t\t\t\t\t<div class=\"e-con-inner\">\n\t\t\t\t<div class=\"elementor-element elementor-element-0330ce7 jltma-glass-effect-no elementor-widget elementor-widget-heading\" data-id=\"0330ce7\" data-element_type=\"widget\" data-widget_type=\"heading.default\">\n\t\t\t\t\t<h2 class=\"elementor-heading-title elementor-size-default\">APTIV<\/h2>\t\t\t\t<\/div>\n\t\t\t\t\t<\/div>\n\t\t\t\t<\/div>\n\t\t<div class=\"elementor-element elementor-element-9db2b79 e-flex e-con-boxed jltma-glass-effect-no e-con e-parent\" data-id=\"9db2b79\" data-element_type=\"container\" data-settings=\"{&quot;background_background&quot;:&quot;classic&quot;}\">\n\t\t\t\t\t<div class=\"e-con-inner\">\n\t\t\t\t<div class=\"elementor-element elementor-element-ce2458c elementor-widget__width-initial jltma-glass-effect-no elementor-widget elementor-widget-image\" data-id=\"ce2458c\" data-element_type=\"widget\" data-widget_type=\"image.default\">\n\t\t\t\t\t\t\t\t\t\t\t\t\t\t\t<img decoding=\"async\" width=\"284\" height=\"108\" src=\"https:\/\/best.krakow.pl\/wp-content\/uploads\/2025\/05\/Aptiv-2.png\" class=\"attachment-1536x1536 size-1536x1536 wp-image-3821\" alt=\"\" \/>\t\t\t\t\t\t\t\t\t\t\t\t\t\t\t<\/div>\n\t\t\t\t<div class=\"elementor-element elementor-element-e4f9df1 jltma-glass-effect-no elementor-widget elementor-widget-text-editor\" data-id=\"e4f9df1\" data-element_type=\"widget\" data-widget_type=\"text-editor.default\">\n\t\t\t\t\t\t\t\t\t<div class=\"headline-secondary\"><p class=\"inherit\"><span style=\"font-size: 16px;\">With in-depth expertise, Aptiv develops systems that enable our customers to meet their toughest challenges. We enable the introduction of software-based vehicles with intelligently connected electric architectures. This is the future of mobility.<\/span><\/p><\/div><div class=\"text-inner to-animate animated\" data-animate-name=\"fadeIn\" data-animate-delay=\"0.8s\"><p><a href=\"https:\/\/www.youtube.com\/watch?v=ezaaZpfaTTw\">Your next journey starts here<\/a><\/p><p>For more information, visit the website:\u00a0<a href=\"https:\/\/jobs.aptiv.com\/students\">jobs.aptiv.com\/students<\/a><br \/><a href=\"https:\/\/jobs.aptiv.com\/search-jobs\/intern\/Poland\/29739\/1\/2\/798544\/52\/20\/50\/2\">List of internships and job offers<\/a><\/p><\/div>\t\t\t\t\t\t\t\t<\/div>\n\t\t\t\t\t<\/div>\n\t\t\t\t<\/div>\n\t\t<div class=\"elementor-element elementor-element-cb4030c e-flex e-con-boxed jltma-glass-effect-no e-con e-parent\" data-id=\"cb4030c\" data-element_type=\"container\" data-settings=\"{&quot;background_background&quot;:&quot;classic&quot;}\">\n\t\t\t\t\t<div class=\"e-con-inner\">\n\t\t\t\t<div class=\"elementor-element elementor-element-7ec0998 jltma-glass-effect-no elementor-widget elementor-widget-heading\" data-id=\"7ec0998\" data-element_type=\"widget\" data-widget_type=\"heading.default\">\n\t\t\t\t\t<h2 class=\"elementor-heading-title elementor-size-default\">Media<\/h2>\t\t\t\t<\/div>\n\t\t\t\t\t<\/div>\n\t\t\t\t<\/div>\n\t\t<div class=\"elementor-element elementor-element-9912d5d e-flex e-con-boxed jltma-glass-effect-no e-con e-parent\" data-id=\"9912d5d\" data-element_type=\"container\" data-settings=\"{&quot;background_background&quot;:&quot;classic&quot;}\">\n\t\t\t\t\t<div class=\"e-con-inner\">\n\t\t\t\t<div class=\"elementor-element elementor-element-3ed8d17 jltma-glass-effect-no elementor-widget elementor-widget-text-editor\" data-id=\"3ed8d17\" data-element_type=\"widget\" data-widget_type=\"text-editor.default\">\n\t\t\t\t\t\t\t\t\t<p>Thanks to our promotional activities, we reach a wide audience, not only students of the AGH University of Science and Technology. The Engineering Job Fair is known throughout Krakow, and students from all over Poland participate in our hackathon, BITEhack. Our promotional activities increase the recognition of both our Association and our Partners. We use promotional tools such as posters, leaflets, and promotional stands, and social media is also an important means of communication.\u00a0<\/p>\t\t\t\t\t\t\t\t<\/div>\n\t\t\t\t\t<\/div>\n\t\t\t\t<\/div>\n\t\t<div class=\"elementor-element elementor-element-616307e e-flex e-con-boxed jltma-glass-effect-no e-con e-parent\" data-id=\"616307e\" data-element_type=\"container\" data-settings=\"{&quot;background_background&quot;:&quot;classic&quot;}\">\n\t\t\t\t\t<div class=\"e-con-inner\">\n\t\t\t\t<div class=\"elementor-element elementor-element-8252729 jltma-glass-effect-no elementor-widget elementor-widget-xpro-team\" data-id=\"8252729\" data-element_type=\"widget\" data-settings=\"{&quot;layout&quot;:&quot;1&quot;}\" data-widget_type=\"xpro-team.default\">\n\t\t\t\t\t\n<div class=\"xpro-team-wrapper xpro-team-layout-1\">\n\t\n\t\t<div class=\"xpro-team-image\">\n\t\t<img loading=\"lazy\" decoding=\"async\" width=\"227\" height=\"300\" src=\"https:\/\/best.krakow.pl\/wp-content\/uploads\/2025\/06\/Piotr-Baran-01-227x300.webp\" class=\"attachment-medium size-medium\" alt=\"Wiceprezydent do Spraw Promocji BEST AGH Krak\u00f3w\" srcset=\"https:\/\/best.krakow.pl\/wp-content\/uploads\/2025\/06\/Piotr-Baran-01-227x300.webp 227w, https:\/\/best.krakow.pl\/wp-content\/uploads\/2025\/06\/Piotr-Baran-01-250x330.webp 250w, https:\/\/best.krakow.pl\/wp-content\/uploads\/2025\/06\/Piotr-Baran-01.webp 482w\" sizes=\"(max-width: 227px) 100vw, 227px\" \/>\t\t\t\t<\/div>\n<div class=\"xpro-team-content\">\n\t\t\t\t<h2\tclass=\"xpro-team-title\">Piotr Baran<\/h2>\n\t\t\t<h4 class=\"xpro-team-designation\">Vicepresident for Public Relations<\/h4>\n\t\t\n<\/div>\n<\/div>\n\t\t\t\t<\/div>\n\t\t\t\t<div class=\"elementor-element elementor-element-e0fef24 jltma-glass-effect-no elementor-widget elementor-widget-text-editor\" data-id=\"e0fef24\" data-element_type=\"widget\" data-widget_type=\"text-editor.default\">\n\t\t\t\t\t\t\t\t\t<p><strong>If you are interested in<\/strong><br \/><strong>cooperation, we invite you to contact us:<\/strong><\/p><p><a class=\"mail\" href=\"mailto:piotr.baran@BEST.krakow.pl\">Piotr.Baran@BEST.krakow.pl<\/a><\/p>\t\t\t\t\t\t\t\t<\/div>\n\t\t\t\t\t<\/div>\n\t\t\t\t<\/div>\n\t\t\t\t<\/div>","protected":false},"excerpt":{"rendered":"<p>Oferta Wsp\u00f3\u0142pracy Board of European Students of Technology\u00a0jest niepowi\u0105zan\u0105 politycznie organizacj\u0105 studenck\u0105 non-profit dzia\u0142aj\u0105c\u0105 na europejskich uczelniach technicznych.\u00a0B\u0119d\u0105c studentami rozumiemy jak istotna jest zar\u00f3wno wiedza teoretyczna, jak r\u00f3wnie\u017c praktyczna i dlatego celem naszej organizacji jest integracja trzech \u015brodowisk: studenckiego, akademickiego oraz gospodarczego. Poprzez organizacj\u0119 akademickich oraz pozaakademickich (np. maj\u0105cych miejsce w okre\u015blonych firmach) kurs\u00f3w i [&hellip;]<\/p>\n","protected":false},"author":3,"featured_media":0,"parent":0,"menu_order":0,"comment_status":"closed","ping_status":"closed","template":"","meta":{"footnotes":""},"class_list":["post-3814","page","type-page","status-publish","hentry"],"blocksy_meta":[],"aioseo_notices":[],"_links":{"self":[{"href":"https:\/\/best.krakow.pl\/en\/wp-json\/wp\/v2\/pages\/3814","targetHints":{"allow":["GET"]}}],"collection":[{"href":"https:\/\/best.krakow.pl\/en\/wp-json\/wp\/v2\/pages"}],"about":[{"href":"https:\/\/best.krakow.pl\/en\/wp-json\/wp\/v2\/types\/page"}],"author":[{"embeddable":true,"href":"https:\/\/best.krakow.pl\/en\/wp-json\/wp\/v2\/users\/3"}],"replies":[{"embeddable":true,"href":"https:\/\/best.krakow.pl\/en\/wp-json\/wp\/v2\/comments?post=3814"}],"version-history":[{"count":31,"href":"https:\/\/best.krakow.pl\/en\/wp-json\/wp\/v2\/pages\/3814\/revisions"}],"predecessor-version":[{"id":5057,"href":"https:\/\/best.krakow.pl\/en\/wp-json\/wp\/v2\/pages\/3814\/revisions\/5057"}],"wp:attachment":[{"href":"https:\/\/best.krakow.pl\/en\/wp-json\/wp\/v2\/media?parent=3814"}],"curies":[{"name":"wp","href":"https:\/\/api.w.org\/{rel}","templated":true}]}}