{"id":3780,"date":"2025-05-28T22:51:50","date_gmt":"2025-05-28T20:51:50","guid":{"rendered":"http:\/\/best.krakow.pl\/?page_id=3780"},"modified":"2026-03-20T18:56:46","modified_gmt":"2026-03-20T17:56:46","slug":"rekrutacja","status":"publish","type":"page","link":"https:\/\/best.krakow.pl\/en\/rekrutacja\/","title":{"rendered":"Odkryj w sobie Be\u015bciaka \u2013 do\u0142\u0105cz do BEST AGH Krak\u00f3w!"},"content":{"rendered":"<div data-elementor-type=\"wp-page\" data-elementor-id=\"3780\" class=\"elementor elementor-3780\">\n\t\t\t\t<div class=\"elementor-element elementor-element-ab6c1d6 e-con-full e-flex jltma-glass-effect-no e-con e-parent\" data-id=\"ab6c1d6\" data-element_type=\"container\" data-settings=\"{&quot;background_background&quot;:&quot;classic&quot;}\">\n\t\t\t\t<div class=\"elementor-element elementor-element-320dc88 elementor-widget__width-initial jltma-glass-effect-no elementor-widget elementor-widget-heading\" data-id=\"320dc88\" data-element_type=\"widget\" data-widget_type=\"heading.default\">\n\t\t\t\t\t<h1 class=\"elementor-heading-title elementor-size-default\">Recruitment<\/h1>\t\t\t\t<\/div>\n\t\t\t\t<\/div>\n\t\t<div class=\"elementor-element elementor-element-700127a e-flex e-con-boxed jltma-glass-effect-no e-con e-parent\" data-id=\"700127a\" data-element_type=\"container\" data-settings=\"{&quot;background_background&quot;:&quot;classic&quot;}\">\n\t\t\t\t\t<div class=\"e-con-inner\">\n\t\t\t\t<div class=\"elementor-element elementor-element-0edf947 jltma-glass-effect-no elementor-widget elementor-widget-heading\" data-id=\"0edf947\" data-element_type=\"widget\" data-widget_type=\"heading.default\">\n\t\t\t\t\t<h2 class=\"elementor-heading-title elementor-size-default\">Recruitment<\/h2>\t\t\t\t<\/div>\n\t\t\t\t\t<\/div>\n\t\t\t\t<\/div>\n\t\t<div class=\"elementor-element elementor-element-137ee75 e-flex e-con-boxed jltma-glass-effect-no e-con e-parent\" data-id=\"137ee75\" data-element_type=\"container\" data-settings=\"{&quot;background_background&quot;:&quot;classic&quot;}\">\n\t\t\t\t\t<div class=\"e-con-inner\">\n\t\t\t\t<div class=\"elementor-element elementor-element-b789c20 elementor-widget__width-initial elementor-widget-mobile__width-initial jltma-glass-effect-no elementor-widget elementor-widget-text-editor\" data-id=\"b789c20\" data-element_type=\"widget\" data-widget_type=\"text-editor.default\">\n\t\t\t\t\t\t\t\t\t<p>Do you think college isn't just about studying for tests and sitting in lectures? Several students at technical universities more than 30 years ago thought the same as you and founded the BEST student organization. It also reached AGH 30 years ago. Since then, we have been active, organizing competitions, trainings, scientific courses, job fairs and other events aimed at developing students and strengthening the relationship between them, companies and the university.<\/p>\t\t\t\t\t\t\t\t<\/div>\n\t\t\t\t<div class=\"elementor-element elementor-element-25cc27e jltma-glass-effect-no elementor-widget elementor-widget-image\" data-id=\"25cc27e\" data-element_type=\"widget\" data-widget_type=\"image.default\">\n\t\t\t\t\t\t\t\t\t\t\t\t\t\t\t<img fetchpriority=\"high\" decoding=\"async\" width=\"1024\" height=\"643\" src=\"https:\/\/best.krakow.pl\/wp-content\/uploads\/2025\/05\/PRLogo-BEST-AGH-Krakow-kolor-przezroczyste-1024x643.png\" class=\"attachment-large size-large wp-image-3198\" alt=\"Logo Stowarzyszenia BEST AGH Krak\u00f3w\" srcset=\"https:\/\/best.krakow.pl\/wp-content\/uploads\/2025\/05\/PRLogo-BEST-AGH-Krakow-kolor-przezroczyste-1024x643.png 1024w, https:\/\/best.krakow.pl\/wp-content\/uploads\/2025\/05\/PRLogo-BEST-AGH-Krakow-kolor-przezroczyste-300x188.png 300w, https:\/\/best.krakow.pl\/wp-content\/uploads\/2025\/05\/PRLogo-BEST-AGH-Krakow-kolor-przezroczyste-768x482.png 768w, https:\/\/best.krakow.pl\/wp-content\/uploads\/2025\/05\/PRLogo-BEST-AGH-Krakow-kolor-przezroczyste-1536x965.png 1536w, https:\/\/best.krakow.pl\/wp-content\/uploads\/2025\/05\/PRLogo-BEST-AGH-Krakow-kolor-przezroczyste-2048x1286.png 2048w\" sizes=\"(max-width: 1024px) 100vw, 1024px\" \/>\t\t\t\t\t\t\t\t\t\t\t\t\t\t\t<\/div>\n\t\t\t\t\t<\/div>\n\t\t\t\t<\/div>\n\t\t<div class=\"elementor-element elementor-element-b03e243 e-flex e-con-boxed jltma-glass-effect-no e-con e-parent\" data-id=\"b03e243\" data-element_type=\"container\" data-settings=\"{&quot;background_background&quot;:&quot;classic&quot;}\">\n\t\t\t\t\t<div class=\"e-con-inner\">\n\t\t\t\t<div class=\"elementor-element elementor-element-d744d11 jltma-glass-effect-no elementor-widget elementor-widget-heading\" data-id=\"d744d11\" data-element_type=\"widget\" data-widget_type=\"heading.default\">\n\t\t\t\t\t<h2 class=\"elementor-heading-title elementor-size-default\">Recruitment stages<\/h2>\t\t\t\t<\/div>\n\t\t\t\t\t<\/div>\n\t\t\t\t<\/div>\n\t\t<div class=\"elementor-element elementor-element-005b1be e-flex e-con-boxed jltma-glass-effect-no e-con e-parent\" data-id=\"005b1be\" data-element_type=\"container\" data-settings=\"{&quot;background_background&quot;:&quot;classic&quot;}\">\n\t\t\t\t\t<div class=\"e-con-inner\">\n\t\t\t\t<div class=\"elementor-element elementor-element-dc6451b elementor-widget__width-initial elementor-widget-mobile__width-initial elementor-view-default elementor-position-top elementor-mobile-position-top jltma-glass-effect-no elementor-widget elementor-widget-icon-box\" data-id=\"dc6451b\" data-element_type=\"widget\" data-widget_type=\"icon-box.default\">\n\t\t\t\t\t\t\t<div class=\"elementor-icon-box-wrapper\">\n\n\t\t\t\t\t\t<div class=\"elementor-icon-box-icon\">\n\t\t\t\t<span  class=\"elementor-icon\">\n\t\t\t\t<svg aria-hidden=\"true\" class=\"e-font-icon-svg e-far-comment-dots\" viewbox=\"0 0 512 512\" xmlns=\"http:\/\/www.w3.org\/2000\/svg\"><path d=\"M144 208c-17.7 0-32 14.3-32 32s14.3 32 32 32 32-14.3 32-32-14.3-32-32-32zm112 0c-17.7 0-32 14.3-32 32s14.3 32 32 32 32-14.3 32-32-14.3-32-32-32zm112 0c-17.7 0-32 14.3-32 32s14.3 32 32 32 32-14.3 32-32-14.3-32-32-32zM256 32C114.6 32 0 125.1 0 240c0 47.6 19.9 91.2 52.9 126.3C38 405.7 7 439.1 6.5 439.5c-6.6 7-8.4 17.2-4.6 26S14.4 480 24 480c61.5 0 110-25.7 139.1-46.3C192 442.8 223.2 448 256 448c141.4 0 256-93.1 256-208S397.4 32 256 32zm0 368c-26.7 0-53.1-4.1-78.4-12.1l-22.7-7.2-19.5 13.8c-14.3 10.1-33.9 21.4-57.5 29 7.3-12.1 14.4-25.7 19.9-40.2l10.6-28.1-20.6-21.8C69.7 314.1 48 282.2 48 240c0-88.2 93.3-160 208-160s208 71.8 208 160-93.3 160-208 160z\"><\/path><\/svg>\t\t\t\t<\/span>\n\t\t\t<\/div>\n\t\t\t\n\t\t\t\t\t\t<div class=\"elementor-icon-box-content\">\n\n\t\t\t\t\t\t\t\t\t<h3 class=\"elementor-icon-box-title\">\n\t\t\t\t\t\t<span  >\n\t\t\t\t\t\t\tSurvey\t\t\t\t\t\t<\/span>\n\t\t\t\t\t<\/h3>\n\t\t\t\t\n\t\t\t\t\t\t\t\t\t<p class=\"elementor-icon-box-description\">\n\t\t\t\t\t\tIn each recruitment, we prepare a few questions to get to know you better, to find out what you are interested in. Let us know what drives you, motivates you to act and what you dream about. Be yourself!\t\t\t\t\t<\/p>\n\t\t\t\t\n\t\t\t<\/div>\n\t\t\t\n\t\t<\/div>\n\t\t\t\t\t\t<\/div>\n\t\t\t\t<div class=\"elementor-element elementor-element-ef5695e elementor-widget__width-initial elementor-widget-mobile__width-initial elementor-view-default elementor-position-top elementor-mobile-position-top jltma-glass-effect-no elementor-widget elementor-widget-icon-box\" data-id=\"ef5695e\" data-element_type=\"widget\" data-widget_type=\"icon-box.default\">\n\t\t\t\t\t\t\t<div class=\"elementor-icon-box-wrapper\">\n\n\t\t\t\t\t\t<div class=\"elementor-icon-box-icon\">\n\t\t\t\t<span  class=\"elementor-icon\">\n\t\t\t\t<svg aria-hidden=\"true\" class=\"e-font-icon-svg e-fas-person-booth\" viewbox=\"0 0 576 512\" xmlns=\"http:\/\/www.w3.org\/2000\/svg\"><path d=\"M192 496c0 8.8 7.2 16 16 16h32c8.8 0 16-7.2 16-16V320h-64v176zm32-272h-50.9l-45.2-45.3C115.8 166.6 99.7 160 82.7 160H64c-17.1 0-33.2 6.7-45.3 18.8C6.7 190.9 0 207 0 224.1L.2 320 0 480c0 17.7 14.3 32 31.9 32 17.6 0 32-14.3 32-32l.1-100.7c.9.5 1.6 1.3 2.5 1.7l29.1 43v56c0 17.7 14.3 32 32 32s32-14.3 32-32v-56.5c0-9.9-2.3-19.8-6.7-28.6l-41.2-61.3V253l20.9 20.9c9.1 9.1 21.1 14.1 33.9 14.1H224c17.7 0 32-14.3 32-32s-14.3-32-32-32zM64 128c26.5 0 48-21.5 48-48S90.5 32 64 32 16 53.5 16 80s21.5 48 48 48zm224-96l31.5 223.1-30.9 154.6c-4.3 21.6 13 38.3 31.4 38.3 15.2 0 28-9.1 32.3-30.4.9 16.9 14.6 30.4 31.7 30.4 17.7 0 32-14.3 32-32 0 17.7 14.3 32 32 32s32-14.3 32-32V0H288v32zm-96 0v160h64V0h-32c-17.7 0-32 14.3-32 32zM544 0h-32v496c0 8.8 7.2 16 16 16h32c8.8 0 16-7.2 16-16V32c0-17.7-14.3-32-32-32z\"><\/path><\/svg>\t\t\t\t<\/span>\n\t\t\t<\/div>\n\t\t\t\n\t\t\t\t\t\t<div class=\"elementor-icon-box-content\">\n\n\t\t\t\t\t\t\t\t\t<h3 class=\"elementor-icon-box-title\">\n\t\t\t\t\t\t<span  >\n\t\t\t\t\t\t\tAssessment Center\t\t\t\t\t\t<\/span>\n\t\t\t\t\t<\/h3>\n\t\t\t\t\n\t\t\t\t\t\t\t\t\t<p class=\"elementor-icon-box-description\">\n\t\t\t\t\t\tIts main purpose is to observe whether you like working in a group and how you handle unusual situations. After it is over, everyone is invited to a student integration, during which we make new friends and get to know each other from a different side.\t\t\t\t\t<\/p>\n\t\t\t\t\n\t\t\t<\/div>\n\t\t\t\n\t\t<\/div>\n\t\t\t\t\t\t<\/div>\n\t\t\t\t<div class=\"elementor-element elementor-element-6a9ef4b elementor-widget__width-initial elementor-widget-mobile__width-initial elementor-view-default elementor-position-top elementor-mobile-position-top jltma-glass-effect-no elementor-widget elementor-widget-icon-box\" data-id=\"6a9ef4b\" data-element_type=\"widget\" data-widget_type=\"icon-box.default\">\n\t\t\t\t\t\t\t<div class=\"elementor-icon-box-wrapper\">\n\n\t\t\t\t\t\t<div class=\"elementor-icon-box-icon\">\n\t\t\t\t<span  class=\"elementor-icon\">\n\t\t\t\t<i aria-hidden=\"true\" class=\"simple-line-icons icon-speech\"><\/i>\t\t\t\t<\/span>\n\t\t\t<\/div>\n\t\t\t\n\t\t\t\t\t\t<div class=\"elementor-icon-box-content\">\n\n\t\t\t\t\t\t\t\t\t<h3 class=\"elementor-icon-box-title\">\n\t\t\t\t\t\t<span  >\n\t\t\t\t\t\t\tInterview \t\t\t\t\t\t<\/span>\n\t\t\t\t\t<\/h3>\n\t\t\t\t\n\t\t\t\t\t\t\t\t\t<p class=\"elementor-icon-box-description\">\n\t\t\t\t\t\tThis is a great opportunity to make sure you find your way into our Association and can grow with us. During the interview, you can ask us questions that are bothering you, which will help make sure you want to join us.\t\t\t\t\t<\/p>\n\t\t\t\t\n\t\t\t<\/div>\n\t\t\t\n\t\t<\/div>\n\t\t\t\t\t\t<\/div>\n\t\t\t\t\t<\/div>\n\t\t\t\t<\/div>\n\t\t<div class=\"elementor-element elementor-element-35e8e47 e-flex e-con-boxed jltma-glass-effect-no e-con e-parent\" data-id=\"35e8e47\" data-element_type=\"container\" data-settings=\"{&quot;background_background&quot;:&quot;classic&quot;}\">\n\t\t\t\t\t<div class=\"e-con-inner\">\n\t\t\t\t<div class=\"elementor-element elementor-element-9f89eb8 jltma-glass-effect-no elementor-widget elementor-widget-heading\" data-id=\"9f89eb8\" data-element_type=\"widget\" data-widget_type=\"heading.default\">\n\t\t\t\t\t<h2 class=\"elementor-heading-title elementor-size-default\">Integracja<\/h2>\t\t\t\t<\/div>\n\t\t\t\t\t<\/div>\n\t\t\t\t<\/div>\n\t\t<div class=\"elementor-element elementor-element-983eb0b e-flex e-con-boxed jltma-glass-effect-no e-con e-parent\" data-id=\"983eb0b\" data-element_type=\"container\" data-settings=\"{&quot;background_background&quot;:&quot;classic&quot;}\">\n\t\t\t\t\t<div class=\"e-con-inner\">\n\t\t\t\t<div class=\"elementor-element elementor-element-46138b2 elementor-widget__width-initial elementor-widget-mobile__width-initial jltma-glass-effect-no elementor-widget elementor-widget-text-editor\" data-id=\"46138b2\" data-element_type=\"widget\" data-widget_type=\"text-editor.default\">\n\t\t\t\t\t\t\t\t\t<h3><span style=\"color: #d11507;\">Motivational Day (MD)<\/span><\/h3><p>During the Motivational Day you will learn more about BEST, learn about the structure of the organization and we will introduce you in detail to the projects we are developing. In the afternoon there will be a <strong>City Game<\/strong>\u00a0for you - new members, and in the evening you will have a nice time together with members of our Association.<\/p>\t\t\t\t\t\t\t\t<\/div>\n\t\t\t\t<div class=\"elementor-element elementor-element-f915461 elementor-widget__width-initial jltma-glass-effect-no elementor-widget elementor-widget-image\" data-id=\"f915461\" data-element_type=\"widget\" data-widget_type=\"image.default\">\n\t\t\t\t\t\t\t\t\t\t\t\t\t\t\t<img decoding=\"async\" width=\"768\" height=\"470\" src=\"https:\/\/best.krakow.pl\/wp-content\/uploads\/2025\/12\/rekrutacja2-1024x627-01-768x470.webp\" class=\"attachment-medium_large size-medium_large wp-image-4544\" alt=\"\" srcset=\"https:\/\/best.krakow.pl\/wp-content\/uploads\/2025\/12\/rekrutacja2-1024x627-01-768x470.webp 768w, https:\/\/best.krakow.pl\/wp-content\/uploads\/2025\/12\/rekrutacja2-1024x627-01-300x184.webp 300w, https:\/\/best.krakow.pl\/wp-content\/uploads\/2025\/12\/rekrutacja2-1024x627-01-18x12.webp 18w, https:\/\/best.krakow.pl\/wp-content\/uploads\/2025\/12\/rekrutacja2-1024x627-01.webp 1024w\" sizes=\"(max-width: 768px) 100vw, 768px\" \/>\t\t\t\t\t\t\t\t\t\t\t\t\t\t\t<\/div>\n\t\t\t\t\t<\/div>\n\t\t\t\t<\/div>\n\t\t<div class=\"elementor-element elementor-element-66696c5 e-flex e-con-boxed jltma-glass-effect-no e-con e-parent\" data-id=\"66696c5\" data-element_type=\"container\" data-settings=\"{&quot;background_background&quot;:&quot;classic&quot;}\">\n\t\t\t\t\t<div class=\"e-con-inner\">\n\t\t\t\t<div class=\"elementor-element elementor-element-b3cf6cd elementor-widget__width-initial jltma-glass-effect-no elementor-widget elementor-widget-image\" data-id=\"b3cf6cd\" data-element_type=\"widget\" data-widget_type=\"image.default\">\n\t\t\t\t\t\t\t\t\t\t\t\t\t\t\t<img decoding=\"async\" width=\"768\" height=\"510\" src=\"https:\/\/best.krakow.pl\/wp-content\/uploads\/2025\/12\/obraz_2025-05-29_183850392-01-768x510.webp\" class=\"attachment-medium_large size-medium_large wp-image-4543\" alt=\"\" srcset=\"https:\/\/best.krakow.pl\/wp-content\/uploads\/2025\/12\/obraz_2025-05-29_183850392-01-768x510.webp 768w, https:\/\/best.krakow.pl\/wp-content\/uploads\/2025\/12\/obraz_2025-05-29_183850392-01-300x199.webp 300w, https:\/\/best.krakow.pl\/wp-content\/uploads\/2025\/12\/obraz_2025-05-29_183850392-01-18x12.webp 18w, https:\/\/best.krakow.pl\/wp-content\/uploads\/2025\/12\/obraz_2025-05-29_183850392-01.webp 930w\" sizes=\"(max-width: 768px) 100vw, 768px\" \/>\t\t\t\t\t\t\t\t\t\t\t\t\t\t\t<\/div>\n\t\t\t\t<div class=\"elementor-element elementor-element-b0aca98 elementor-widget__width-initial elementor-widget-mobile__width-initial jltma-glass-effect-no elementor-widget elementor-widget-text-editor\" data-id=\"b0aca98\" data-element_type=\"widget\" data-widget_type=\"text-editor.default\">\n\t\t\t\t\t\t\t\t\t<h3><span style=\"color: #d11507;\">Integral\u00a0<\/span><\/h3><p>It's a weekend training and integration trip. You will have the opportunity to participate in several interesting trainings interspersed with a lot of integration!<\/p>\t\t\t\t\t\t\t\t<\/div>\n\t\t\t\t\t<\/div>\n\t\t\t\t<\/div>\n\t\t<div class=\"elementor-element elementor-element-829f62a elementor-hidden-desktop elementor-hidden-tablet elementor-hidden-mobile e-flex e-con-boxed jltma-glass-effect-no e-con e-parent\" data-id=\"829f62a\" data-element_type=\"container\" data-settings=\"{&quot;background_background&quot;:&quot;classic&quot;}\">\n\t\t\t\t\t<div class=\"e-con-inner\">\n\t\t\t\t<div class=\"elementor-element elementor-element-3b075ab jltma-glass-effect-no elementor-widget elementor-widget-heading\" data-id=\"3b075ab\" data-element_type=\"widget\" data-widget_type=\"heading.default\">\n\t\t\t\t\t<h2 class=\"elementor-heading-title elementor-size-default\">Recruitment schedule<\/h2>\t\t\t\t<\/div>\n\t\t\t\t\t<\/div>\n\t\t\t\t<\/div>\n\t\t<div class=\"elementor-element elementor-element-bf39bdb elementor-hidden-desktop elementor-hidden-tablet elementor-hidden-mobile e-flex e-con-boxed jltma-glass-effect-no e-con e-parent\" data-id=\"bf39bdb\" data-element_type=\"container\" data-settings=\"{&quot;background_background&quot;:&quot;classic&quot;}\">\n\t\t\t\t\t<div class=\"e-con-inner\">\n\t\t\t\t<div class=\"elementor-element elementor-element-cb1d9e3 jltma-glass-effect-no elementor-widget elementor-widget-heading\" data-id=\"cb1d9e3\" data-element_type=\"widget\" data-widget_type=\"heading.default\">\n\t\t\t\t\t<h3 class=\"elementor-heading-title elementor-size-default\">Kolejna edycja rekrutacji ju\u017c wkr\u00f3tce!<\/h3>\t\t\t\t<\/div>\n\t\t\t\t\t<\/div>\n\t\t\t\t<\/div>\n\t\t<div class=\"elementor-element elementor-element-c0e7161 e-flex e-con-boxed jltma-glass-effect-no e-con e-parent\" data-id=\"c0e7161\" data-element_type=\"container\" data-settings=\"{&quot;background_background&quot;:&quot;classic&quot;}\">\n\t\t\t\t\t<div class=\"e-con-inner\">\n\t\t\t\t<div class=\"elementor-element elementor-element-f689895 jltma-glass-effect-no elementor-widget elementor-widget-heading\" data-id=\"f689895\" data-element_type=\"widget\" data-widget_type=\"heading.default\">\n\t\t\t\t\t<h2 class=\"elementor-heading-title elementor-size-default\">Persons responsible for recruitment<\/h2>\t\t\t\t<\/div>\n\t\t\t\t\t<\/div>\n\t\t\t\t<\/div>\n\t\t<div class=\"elementor-element elementor-element-3a64a77 e-flex e-con-boxed jltma-glass-effect-no e-con e-parent\" data-id=\"3a64a77\" data-element_type=\"container\" data-settings=\"{&quot;background_background&quot;:&quot;classic&quot;}\">\n\t\t\t\t\t<div class=\"e-con-inner\">\n\t\t\t\t<div class=\"elementor-element elementor-element-25bccd2 jltma-glass-effect-no elementor-widget elementor-widget-xpro-team\" data-id=\"25bccd2\" data-element_type=\"widget\" data-settings=\"{&quot;layout&quot;:&quot;1&quot;}\" data-widget_type=\"xpro-team.default\">\n\t\t\t\t\t\n<div class=\"xpro-team-wrapper xpro-team-layout-1\">\n\t\n\t\t<div class=\"xpro-team-image\">\n\t\t<img loading=\"lazy\" decoding=\"async\" width=\"227\" height=\"300\" src=\"https:\/\/best.krakow.pl\/wp-content\/uploads\/2025\/12\/Szymon-Lipkowski-01-227x300.webp\" class=\"attachment-medium size-medium\" alt=\"Wiceprezes ds. zasob\u00f3w ludzkich BEST AGH Krak\u00f3w\" srcset=\"https:\/\/best.krakow.pl\/wp-content\/uploads\/2025\/12\/Szymon-Lipkowski-01-227x300.webp 227w, https:\/\/best.krakow.pl\/wp-content\/uploads\/2025\/12\/Szymon-Lipkowski-01-250x330.webp 250w, https:\/\/best.krakow.pl\/wp-content\/uploads\/2025\/12\/Szymon-Lipkowski-01-9x12.webp 9w, https:\/\/best.krakow.pl\/wp-content\/uploads\/2025\/12\/Szymon-Lipkowski-01.webp 481w\" sizes=\"(max-width: 227px) 100vw, 227px\" \/>\t\t\t\t<\/div>\n<div class=\"xpro-team-content\">\n\t\t\t\t<h2\tclass=\"xpro-team-title\">Szymon Lipkowski<\/h2>\n\t\t\t<h4 class=\"xpro-team-designation\">Vice President for Human Resources<\/h4>\n\t\t\n<\/div>\n<\/div>\n\t\t\t\t<\/div>\n\t\t\t\t<div class=\"elementor-element elementor-element-937f83f jltma-glass-effect-no elementor-widget elementor-widget-xpro-team\" data-id=\"937f83f\" data-element_type=\"widget\" data-settings=\"{&quot;layout&quot;:&quot;1&quot;}\" data-widget_type=\"xpro-team.default\">\n\t\t\t\t\t\n<div class=\"xpro-team-wrapper xpro-team-layout-1\">\n\t\n\t\t<div class=\"xpro-team-image\">\n\t\t<img loading=\"lazy\" decoding=\"async\" width=\"227\" height=\"300\" src=\"https:\/\/best.krakow.pl\/wp-content\/uploads\/2025\/12\/Tomasz-Kolbusz-01-227x300.webp\" class=\"attachment-medium size-medium\" alt=\"Cz\u0142onek zwyczajny BEST AGH Krak\u00f3w\" srcset=\"https:\/\/best.krakow.pl\/wp-content\/uploads\/2025\/12\/Tomasz-Kolbusz-01-227x300.webp 227w, https:\/\/best.krakow.pl\/wp-content\/uploads\/2025\/12\/Tomasz-Kolbusz-01-250x330.webp 250w, https:\/\/best.krakow.pl\/wp-content\/uploads\/2025\/12\/Tomasz-Kolbusz-01-9x12.webp 9w, https:\/\/best.krakow.pl\/wp-content\/uploads\/2025\/12\/Tomasz-Kolbusz-01.webp 481w\" sizes=\"(max-width: 227px) 100vw, 227px\" \/>\t\t\t\t<\/div>\n<div class=\"xpro-team-content\">\n\t\t\t\t<h2\tclass=\"xpro-team-title\">Tomasz Kolbusz<\/h2>\n\t\t\t<h4 class=\"xpro-team-designation\">G\u0142\u00f3wny Koordynator Rekrutacji<\/h4>\n\t\t\n<\/div>\n<\/div>\n\t\t\t\t<\/div>\n\t\t\t\t\t<\/div>\n\t\t\t\t<\/div>\n\t\t\t\t<\/div>","protected":false},"excerpt":{"rendered":"<p>Rekrutacja Rekrutacja Uwa\u017casz, \u017ce studia to nie tylko nauka\u00a0do kolokwium i siedzenie\u00a0na wyk\u0142adach? Kilku student\u00f3w uczelni technicznych ponad 30 lat temu uwa\u017ca\u0142o tak samo jak Ty i za\u0142o\u017cyli organizacj\u0119 studenck\u0105 BEST.\u00a030 lat temu dotar\u0142a te\u017c na\u00a0AGH. Od tego momentu dzia\u0142amy, organizuj\u0105c konkursy, szkolenia, kursy naukowe, targi pracy oraz inne imprezy maj\u0105ce na celu rozw\u00f3j student\u00f3w [&hellip;]<\/p>\n","protected":false},"author":3,"featured_media":0,"parent":0,"menu_order":0,"comment_status":"closed","ping_status":"closed","template":"","meta":{"footnotes":""},"class_list":["post-3780","page","type-page","status-publish","hentry"],"blocksy_meta":[],"aioseo_notices":[],"_links":{"self":[{"href":"https:\/\/best.krakow.pl\/en\/wp-json\/wp\/v2\/pages\/3780","targetHints":{"allow":["GET"]}}],"collection":[{"href":"https:\/\/best.krakow.pl\/en\/wp-json\/wp\/v2\/pages"}],"about":[{"href":"https:\/\/best.krakow.pl\/en\/wp-json\/wp\/v2\/types\/page"}],"author":[{"embeddable":true,"href":"https:\/\/best.krakow.pl\/en\/wp-json\/wp\/v2\/users\/3"}],"replies":[{"embeddable":true,"href":"https:\/\/best.krakow.pl\/en\/wp-json\/wp\/v2\/comments?post=3780"}],"version-history":[{"count":53,"href":"https:\/\/best.krakow.pl\/en\/wp-json\/wp\/v2\/pages\/3780\/revisions"}],"predecessor-version":[{"id":5041,"href":"https:\/\/best.krakow.pl\/en\/wp-json\/wp\/v2\/pages\/3780\/revisions\/5041"}],"wp:attachment":[{"href":"https:\/\/best.krakow.pl\/en\/wp-json\/wp\/v2\/media?parent=3780"}],"curies":[{"name":"wp","href":"https:\/\/api.w.org\/{rel}","templated":true}]}}