{"id":3751,"date":"2025-05-28T21:00:03","date_gmt":"2025-05-28T19:00:03","guid":{"rendered":"http:\/\/best.krakow.pl\/?page_id=3751"},"modified":"2025-12-04T20:57:29","modified_gmt":"2025-12-04T19:57:29","slug":"kontakt","status":"publish","type":"page","link":"https:\/\/best.krakow.pl\/en\/kontakt\/","title":{"rendered":"Kontakt ze Stowarzyszeniem BEST AGH Krak\u00f3w \u2013 napisz do nas!"},"content":{"rendered":"<div data-elementor-type=\"wp-page\" data-elementor-id=\"3751\" class=\"elementor elementor-3751\">\n\t\t\t\t<div class=\"elementor-element elementor-element-e723413 e-flex e-con-boxed jltma-glass-effect-no e-con e-parent\" data-id=\"e723413\" data-element_type=\"container\" data-settings=\"{&quot;background_background&quot;:&quot;classic&quot;}\">\n\t\t\t\t\t<div class=\"e-con-inner\">\n\t\t\t\t<div class=\"elementor-element elementor-element-089f9f0 jltma-glass-effect-no elementor-widget elementor-widget-heading\" data-id=\"089f9f0\" data-element_type=\"widget\" data-widget_type=\"heading.default\">\n\t\t\t\t\t<h1 class=\"elementor-heading-title elementor-size-default\">Contact<\/h1>\t\t\t\t<\/div>\n\t\t\t\t\t<\/div>\n\t\t\t\t<\/div>\n\t\t<div class=\"elementor-element elementor-element-237959b e-flex e-con-boxed jltma-glass-effect-no e-con e-parent\" data-id=\"237959b\" data-element_type=\"container\" data-settings=\"{&quot;background_background&quot;:&quot;classic&quot;}\">\n\t\t\t\t\t<div class=\"e-con-inner\">\n\t\t\t\t<div class=\"elementor-element elementor-element-1fbf1ba elementor-widget__width-initial elementor-widget-mobile__width-initial jltma-glass-effect-no elementor-widget elementor-widget-xpro-team\" data-id=\"1fbf1ba\" data-element_type=\"widget\" data-settings=\"{&quot;layout&quot;:&quot;1&quot;}\" data-widget_type=\"xpro-team.default\">\n\t\t\t\t\t\n<div class=\"xpro-team-wrapper xpro-team-layout-1\">\n\t\n\t\t<div class=\"xpro-team-image\">\n\t\t<img fetchpriority=\"high\" decoding=\"async\" width=\"1003\" height=\"1328\" src=\"https:\/\/best.krakow.pl\/wp-content\/uploads\/2025\/12\/Anna-Martyka-01.webp\" class=\"attachment-full size-full\" alt=\"Prezes BEST AGH Krak\u00f3w\" srcset=\"https:\/\/best.krakow.pl\/wp-content\/uploads\/2025\/12\/Anna-Martyka-01.webp 1003w, https:\/\/best.krakow.pl\/wp-content\/uploads\/2025\/12\/Anna-Martyka-01-227x300.webp 227w, https:\/\/best.krakow.pl\/wp-content\/uploads\/2025\/12\/Anna-Martyka-01-773x1024.webp 773w, https:\/\/best.krakow.pl\/wp-content\/uploads\/2025\/12\/Anna-Martyka-01-768x1017.webp 768w, https:\/\/best.krakow.pl\/wp-content\/uploads\/2025\/12\/Anna-Martyka-01-250x330.webp 250w, https:\/\/best.krakow.pl\/wp-content\/uploads\/2025\/12\/Anna-Martyka-01-9x12.webp 9w\" sizes=\"(max-width: 1003px) 100vw, 1003px\" \/>\t\t\t\t<\/div>\n<div class=\"xpro-team-content\">\n\t\t\t\t<h2\tclass=\"xpro-team-title\">Anna Martyka<\/h2>\n\t\t\t<h4 class=\"xpro-team-designation\">President<\/h4>\n\t\t\n<\/div>\n<\/div>\n\t\t\t\t<\/div>\n\t\t\t\t<div class=\"elementor-element elementor-element-aa6efce elementor-widget__width-initial elementor-widget-mobile__width-initial jltma-glass-effect-no elementor-widget elementor-widget-text-editor\" data-id=\"aa6efce\" data-element_type=\"widget\" data-widget_type=\"text-editor.default\">\n\t\t\t\t\t\t\t\t\t<p><strong>If you are interested in<\/strong><br \/><strong>cooperation, we invite you to contact us:<\/strong><\/p><p><a class=\"mail\" href=\"mailto:anna.martyka@BEST.krakow.pl\">Anna.Martyka@BEST.krakow.pl<\/a><\/p>\t\t\t\t\t\t\t\t<\/div>\n\t\t\t\t<div class=\"elementor-element elementor-element-3b72b7c elementor-widget__width-initial elementor-widget-mobile__width-initial jltma-glass-effect-no elementor-widget elementor-widget-xpro-team\" data-id=\"3b72b7c\" data-element_type=\"widget\" data-settings=\"{&quot;layout&quot;:&quot;1&quot;}\" data-widget_type=\"xpro-team.default\">\n\t\t\t\t\t\n<div class=\"xpro-team-wrapper xpro-team-layout-1\">\n\t\n\t\t<div class=\"xpro-team-image\">\n\t\t<img decoding=\"async\" width=\"227\" height=\"300\" src=\"https:\/\/best.krakow.pl\/wp-content\/uploads\/2025\/06\/Piotr-Baran-01-227x300.webp\" class=\"attachment-medium size-medium\" alt=\"Wiceprezydent do Spraw Promocji BEST AGH Krak\u00f3w\" srcset=\"https:\/\/best.krakow.pl\/wp-content\/uploads\/2025\/06\/Piotr-Baran-01-227x300.webp 227w, https:\/\/best.krakow.pl\/wp-content\/uploads\/2025\/06\/Piotr-Baran-01-250x330.webp 250w, https:\/\/best.krakow.pl\/wp-content\/uploads\/2025\/06\/Piotr-Baran-01.webp 482w\" sizes=\"(max-width: 227px) 100vw, 227px\" \/>\t\t\t\t<\/div>\n<div class=\"xpro-team-content\">\n\t\t\t\t<h2\tclass=\"xpro-team-title\">Piotr Baran<\/h2>\n\t\t\t<h4 class=\"xpro-team-designation\">Vicepresident for Public Relations<\/h4>\n\t\t\n<\/div>\n<\/div>\n\t\t\t\t<\/div>\n\t\t\t\t<div class=\"elementor-element elementor-element-6ade3bc jltma-glass-effect-no elementor-widget elementor-widget-text-editor\" data-id=\"6ade3bc\" data-element_type=\"widget\" data-widget_type=\"text-editor.default\">\n\t\t\t\t\t\t\t\t\t<p><strong>If you are interested in<\/strong><br \/><strong>media cooperation, you are welcome to contact us:<\/strong><\/p><p><a class=\"mail\" href=\"mailto:piotr.baran@BEST.krakow.pl\">Piotr.Baran@BEST.krakow.pl<\/a><\/p>\t\t\t\t\t\t\t\t<\/div>\n\t\t\t\t\t<\/div>\n\t\t\t\t<\/div>\n\t\t<div class=\"elementor-element elementor-element-a643ce8 e-flex e-con-boxed jltma-glass-effect-no e-con e-parent\" data-id=\"a643ce8\" data-element_type=\"container\" data-settings=\"{&quot;background_background&quot;:&quot;classic&quot;}\">\n\t\t\t\t\t<div class=\"e-con-inner\">\n\t\t\t\t\t<\/div>\n\t\t\t\t<\/div>\n\t\t<div class=\"elementor-element elementor-element-cbf73a8 e-flex e-con-boxed jltma-glass-effect-no e-con e-parent\" data-id=\"cbf73a8\" data-element_type=\"container\" data-settings=\"{&quot;background_background&quot;:&quot;classic&quot;}\">\n\t\t\t\t\t<div class=\"e-con-inner\">\n\t\t\t\t<div class=\"elementor-element elementor-element-cdb422f jltma-glass-effect-no elementor-widget elementor-widget-heading\" data-id=\"cdb422f\" data-element_type=\"widget\" data-widget_type=\"heading.default\">\n\t\t\t\t\t<h2 class=\"elementor-heading-title elementor-size-default\">How to get to us?<\/h2>\t\t\t\t<\/div>\n\t\t\t\t\t<\/div>\n\t\t\t\t<\/div>\n\t\t<div class=\"elementor-element elementor-element-ca9e310 e-flex e-con-boxed jltma-glass-effect-no e-con e-parent\" data-id=\"ca9e310\" data-element_type=\"container\" data-settings=\"{&quot;background_background&quot;:&quot;classic&quot;}\">\n\t\t\t\t\t<div class=\"e-con-inner\">\n\t\t\t\t<div class=\"elementor-element elementor-element-f97eef6 elementor-widget__width-initial jltma-glass-effect-no elementor-widget elementor-widget-text-editor\" data-id=\"f97eef6\" data-element_type=\"widget\" data-widget_type=\"text-editor.default\">\n\t\t\t\t\t\t\t\t\t<p>ul. Reymonta 17\/E14, 30-059 Krak\u00f3w<\/p>\t\t\t\t\t\t\t\t<\/div>\n\t\t\t\t\t<\/div>\n\t\t\t\t<\/div>\n\t\t<div class=\"elementor-element elementor-element-646fb68 e-con-full e-flex jltma-glass-effect-no e-con e-parent\" data-id=\"646fb68\" data-element_type=\"container\" data-settings=\"{&quot;background_background&quot;:&quot;classic&quot;}\">\n\t\t\t\t<div class=\"elementor-element elementor-element-4f6b3db jltma-glass-effect-no elementor-widget elementor-widget-google_maps\" data-id=\"4f6b3db\" data-element_type=\"widget\" data-widget_type=\"google_maps.default\">\n\t\t\t\t\t\t\t<div class=\"elementor-custom-embed\">\n\t\t\t<iframe loading=\"lazy\"\n\t\t\t\t\tsrc=\"https:\/\/maps.google.com\/maps?q=ul.%20Reymonta%2017%2FE14%2C%2030-059%20Krak%C3%B3w&#038;t=m&#038;z=10&#038;output=embed&#038;iwloc=near\"\n\t\t\t\t\ttitle=\"ul. Reymonta 17\/E14, 30-059 Krak\u00f3w\"\n\t\t\t\t\taria-label=\"ul. Reymonta 17\/E14, 30-059 Krak\u00f3w\"\n\t\t\t><\/iframe>\n\t\t<\/div>\n\t\t\t\t\t\t<\/div>\n\t\t\t\t<\/div>\n\t\t<div class=\"elementor-element elementor-element-d14979f e-flex e-con-boxed jltma-glass-effect-no e-con e-parent\" data-id=\"d14979f\" data-element_type=\"container\" data-settings=\"{&quot;background_background&quot;:&quot;classic&quot;}\">\n\t\t\t\t\t<div class=\"e-con-inner\">\n\t\t\t\t\t<\/div>\n\t\t\t\t<\/div>\n\t\t\t\t<\/div>","protected":false},"excerpt":{"rendered":"<p>Kontakt Anna Martyka Prezes Je\u017celi s\u0105 Pa\u0144stwo zainteresowaniwsp\u00f3\u0142prac\u0105, zapraszamy do kontaktu: Anna.Martyka@BEST.krakow.pl Piotr Baran Wiceprezes ds. Promocji Je\u017celi s\u0105 Pa\u0144stwo zainteresowaniwsp\u00f3\u0142prac\u0105 medialn\u0105, zapraszamy do kontaktu: Piotr.Baran@BEST.krakow.pl Jak do nas trafi\u0107? ul. Reymonta 17\/E14, 30-059 Krak\u00f3w<\/p>","protected":false},"author":3,"featured_media":0,"parent":0,"menu_order":0,"comment_status":"closed","ping_status":"closed","template":"","meta":{"footnotes":""},"class_list":["post-3751","page","type-page","status-publish","hentry"],"blocksy_meta":[],"aioseo_notices":[],"_links":{"self":[{"href":"https:\/\/best.krakow.pl\/en\/wp-json\/wp\/v2\/pages\/3751","targetHints":{"allow":["GET"]}}],"collection":[{"href":"https:\/\/best.krakow.pl\/en\/wp-json\/wp\/v2\/pages"}],"about":[{"href":"https:\/\/best.krakow.pl\/en\/wp-json\/wp\/v2\/types\/page"}],"author":[{"embeddable":true,"href":"https:\/\/best.krakow.pl\/en\/wp-json\/wp\/v2\/users\/3"}],"replies":[{"embeddable":true,"href":"https:\/\/best.krakow.pl\/en\/wp-json\/wp\/v2\/comments?post=3751"}],"version-history":[{"count":16,"href":"https:\/\/best.krakow.pl\/en\/wp-json\/wp\/v2\/pages\/3751\/revisions"}],"predecessor-version":[{"id":4680,"href":"https:\/\/best.krakow.pl\/en\/wp-json\/wp\/v2\/pages\/3751\/revisions\/4680"}],"wp:attachment":[{"href":"https:\/\/best.krakow.pl\/en\/wp-json\/wp\/v2\/media?parent=3751"}],"curies":[{"name":"wp","href":"https:\/\/api.w.org\/{rel}","templated":true}]}}