{"id":3552,"date":"2025-05-27T20:35:34","date_gmt":"2025-05-27T18:35:34","guid":{"rendered":"http:\/\/best.krakow.pl\/?page_id=3552"},"modified":"2026-03-31T16:14:51","modified_gmt":"2026-03-31T14:14:51","slug":"rcdc","status":"publish","type":"page","link":"https:\/\/best.krakow.pl\/en\/rcdc\/","title":{"rendered":"RCDC &#8211; konkurs dla fan\u00f3w pojazd\u00f3w RC"},"content":{"rendered":"<div data-elementor-type=\"wp-page\" data-elementor-id=\"3552\" class=\"elementor elementor-3552\">\n\t\t\t\t<div class=\"elementor-element elementor-element-6991f2b e-flex e-con-boxed jltma-glass-effect-no e-con e-parent\" data-id=\"6991f2b\" data-element_type=\"container\" data-settings=\"{&quot;background_background&quot;:&quot;classic&quot;}\">\n\t\t\t\t\t<div class=\"e-con-inner\">\n\t\t\t\t<div class=\"elementor-element elementor-element-ddbbb35 jltma-glass-effect-no elementor-widget elementor-widget-heading\" data-id=\"ddbbb35\" data-element_type=\"widget\" data-widget_type=\"heading.default\">\n\t\t\t\t\t<h1 class=\"elementor-heading-title elementor-size-default\">Remote Car <br> Design Competition<\/h1>\t\t\t\t<\/div>\n\t\t\t\t\t<\/div>\n\t\t\t\t<\/div>\n\t\t<div class=\"elementor-element elementor-element-79d56ac e-flex e-con-boxed jltma-glass-effect-no e-con e-parent\" data-id=\"79d56ac\" data-element_type=\"container\" data-settings=\"{&quot;background_background&quot;:&quot;classic&quot;}\">\n\t\t\t\t\t<div class=\"e-con-inner\">\n\t\t\t\t<div class=\"elementor-element elementor-element-38766db jltma-glass-effect-no elementor-widget elementor-widget-heading\" data-id=\"38766db\" data-element_type=\"widget\" data-widget_type=\"heading.default\">\n\t\t\t\t\t<h2 class=\"elementor-heading-title elementor-size-default\">Remote Car Design Competition<\/h2>\t\t\t\t<\/div>\n\t\t\t\t\t<\/div>\n\t\t\t\t<\/div>\n\t\t<div class=\"elementor-element elementor-element-2a37a4c e-flex e-con-boxed jltma-glass-effect-no e-con e-parent\" data-id=\"2a37a4c\" data-element_type=\"container\" data-settings=\"{&quot;background_background&quot;:&quot;classic&quot;}\">\n\t\t\t\t\t<div class=\"e-con-inner\">\n\t\t\t\t<div class=\"elementor-element elementor-element-f629a4b elementor-widget__width-initial elementor-widget-mobile__width-initial jltma-glass-effect-no elementor-widget elementor-widget-text-editor\" data-id=\"f629a4b\" data-element_type=\"widget\" data-widget_type=\"text-editor.default\">\n\t\t\t\t\t\t\t\t\t<p><strong><span style=\"color: #d11507;\">Remote Car Design Competition (RCDC)<\/span><\/strong>,<b><\/b>\u00a0to innowacyjny konkurs in\u017cynierski dla pasjonat\u00f3w motoryzacji, technologii i nowoczesnych rozwi\u0105za\u0144. To przestrze\u0144, w kt\u00f3rej teoria spotyka si\u0119 z praktyk\u0105, a Twoje pomys\u0142y zamieniaj\u0105 si\u0119 w realne projekty.<\/p><p>Masz zajawk\u0119 na projektowanie, budow\u0119\u00a0i testowanie? Chcesz sprawdzi\u0107 si\u0119 w rywalizacji i pokaza\u0107 swoje umiej\u0119tno\u015bci przed ekspertami? RCDC jest w\u0142a\u015bnie dla Ciebie.<\/p>\t\t\t\t\t\t\t\t<\/div>\n\t\t\t\t<div class=\"elementor-element elementor-element-9562de6 jltma-glass-effect-no elementor-widget elementor-widget-image\" data-id=\"9562de6\" data-element_type=\"widget\" data-widget_type=\"image.default\">\n\t\t\t\t\t\t\t\t\t\t\t\t\t\t\t<img fetchpriority=\"high\" decoding=\"async\" width=\"1024\" height=\"314\" src=\"https:\/\/best.krakow.pl\/wp-content\/uploads\/2025\/05\/PRLogo-RCDC-kolor-1024x314.png\" class=\"attachment-large size-large wp-image-3556\" alt=\"\" srcset=\"https:\/\/best.krakow.pl\/wp-content\/uploads\/2025\/05\/PRLogo-RCDC-kolor-1024x314.png 1024w, https:\/\/best.krakow.pl\/wp-content\/uploads\/2025\/05\/PRLogo-RCDC-kolor-300x92.png 300w, https:\/\/best.krakow.pl\/wp-content\/uploads\/2025\/05\/PRLogo-RCDC-kolor-768x235.png 768w, https:\/\/best.krakow.pl\/wp-content\/uploads\/2025\/05\/PRLogo-RCDC-kolor-1536x470.png 1536w, https:\/\/best.krakow.pl\/wp-content\/uploads\/2025\/05\/PRLogo-RCDC-kolor-2048x627.png 2048w\" sizes=\"(max-width: 1024px) 100vw, 1024px\" \/>\t\t\t\t\t\t\t\t\t\t\t\t\t\t\t<\/div>\n\t\t\t\t\t<\/div>\n\t\t\t\t<\/div>\n\t\t<div class=\"elementor-element elementor-element-3b8b625 e-flex e-con-boxed jltma-glass-effect-no e-con e-parent\" data-id=\"3b8b625\" data-element_type=\"container\" data-settings=\"{&quot;background_background&quot;:&quot;classic&quot;}\">\n\t\t\t\t\t<div class=\"e-con-inner\">\n\t\t\t\t<div class=\"elementor-element elementor-element-5d2cb0f jltma-glass-effect-no elementor-widget elementor-widget-button\" data-id=\"5d2cb0f\" data-element_type=\"widget\" data-widget_type=\"button.default\">\n\t\t\t\t\t\t\t\t\t\t<a class=\"elementor-button elementor-button-link elementor-size-sm\" href=\"https:\/\/rcdc.best.krakow.pl\">\n\t\t\t\t\t\t<span class=\"elementor-button-content-wrapper\">\n\t\t\t\t\t\t\t\t\t<span class=\"elementor-button-text\">Page of the current edition<\/span>\n\t\t\t\t\t<\/span>\n\t\t\t\t\t<\/a>\n\t\t\t\t\t\t\t\t<\/div>\n\t\t\t\t<div class=\"elementor-element elementor-element-0e4e6f8 jltma-glass-effect-no elementor-widget elementor-widget-button\" data-id=\"0e4e6f8\" data-element_type=\"widget\" data-widget_type=\"button.default\">\n\t\t\t\t\t\t\t\t\t\t<a class=\"elementor-button elementor-button-link elementor-size-sm\" href=\"https:\/\/www.flickr.com\/photos\/bestkrakow\/albums\/72177720325822679\/\">\n\t\t\t\t\t\t<span class=\"elementor-button-content-wrapper\">\n\t\t\t\t\t\t\t\t\t<span class=\"elementor-button-text\">Photos from the previous edition<\/span>\n\t\t\t\t\t<\/span>\n\t\t\t\t\t<\/a>\n\t\t\t\t\t\t\t\t<\/div>\n\t\t\t\t\t<\/div>\n\t\t\t\t<\/div>\n\t\t<div class=\"elementor-element elementor-element-6ccba60 e-flex e-con-boxed jltma-glass-effect-no e-con e-parent\" data-id=\"6ccba60\" data-element_type=\"container\" data-settings=\"{&quot;background_background&quot;:&quot;classic&quot;}\">\n\t\t\t\t\t<div class=\"e-con-inner\">\n\t\t\t\t<div class=\"elementor-element elementor-element-6640232 jltma-glass-effect-no elementor-widget elementor-widget-heading\" data-id=\"6640232\" data-element_type=\"widget\" data-widget_type=\"heading.default\">\n\t\t\t\t\t<h2 class=\"elementor-heading-title elementor-size-default\">Categories of the competition<\/h2>\t\t\t\t<\/div>\n\t\t\t\t\t<\/div>\n\t\t\t\t<\/div>\n\t\t<div class=\"elementor-element elementor-element-a447ec1 e-flex e-con-boxed jltma-glass-effect-no e-con e-parent\" data-id=\"a447ec1\" data-element_type=\"container\" data-settings=\"{&quot;background_background&quot;:&quot;classic&quot;}\">\n\t\t\t\t\t<div class=\"e-con-inner\">\n\t\t\t\t<div class=\"elementor-element elementor-element-1c986db elementor-widget__width-initial elementor-widget-mobile__width-initial elementor-view-default elementor-position-top elementor-mobile-position-top jltma-glass-effect-no elementor-widget elementor-widget-icon-box\" data-id=\"1c986db\" data-element_type=\"widget\" data-widget_type=\"icon-box.default\">\n\t\t\t\t\t\t\t<div class=\"elementor-icon-box-wrapper\">\n\n\t\t\t\t\t\t<div class=\"elementor-icon-box-icon\">\n\t\t\t\t<span  class=\"elementor-icon\">\n\t\t\t\t<i aria-hidden=\"true\" class=\"jltma-material-icon jltma-material-icon-present_to_all\"><\/i>\t\t\t\t<\/span>\n\t\t\t<\/div>\n\t\t\t\n\t\t\t\t\t\t<div class=\"elementor-icon-box-content\">\n\n\t\t\t\t\t\t\t\t\t<h3 class=\"elementor-icon-box-title\">\n\t\t\t\t\t\t<span  >\n\t\t\t\t\t\t\tVehicle Assist System Challenge\t\t\t\t\t\t<\/span>\n\t\t\t\t\t<\/h3>\n\t\t\t\t\n\t\t\t\t\t\t\t\t\t<p class=\"elementor-icon-box-description\">\n\t\t\t\t\t\tZaprojektuj system wspieraj\u0105cy pojazd, kt\u00f3ry poprawi jego bezpiecze\u0144stwo i wydajno\u015b\u0107, wykorzystuj\u0105c MATLAB oraz narz\u0119dzia symulacyjne i analityczne MathWorks. Liczy si\u0119 kreatywno\u015b\u0107, realny wp\u0142yw na motoryzacj\u0119 przysz\u0142o\u015bci oraz umiej\u0119tno\u015b\u0107 zastosowania modelowania, analizy danych, AI i system\u00f3w sterowania. \t\t\t\t\t<\/p>\n\t\t\t\t\n\t\t\t<\/div>\n\t\t\t\n\t\t<\/div>\n\t\t\t\t\t\t<\/div>\n\t\t\t\t<div class=\"elementor-element elementor-element-639fe8c elementor-widget__width-initial elementor-widget-mobile__width-initial elementor-view-default elementor-position-top elementor-mobile-position-top jltma-glass-effect-no elementor-widget elementor-widget-icon-box\" data-id=\"639fe8c\" data-element_type=\"widget\" data-widget_type=\"icon-box.default\">\n\t\t\t\t\t\t\t<div class=\"elementor-icon-box-wrapper\">\n\n\t\t\t\t\t\t<div class=\"elementor-icon-box-icon\">\n\t\t\t\t<span  class=\"elementor-icon\">\n\t\t\t\t<svg aria-hidden=\"true\" class=\"e-font-icon-svg e-fas-car\" viewbox=\"0 0 512 512\" xmlns=\"http:\/\/www.w3.org\/2000\/svg\"><path d=\"M499.99 176h-59.87l-16.64-41.6C406.38 91.63 365.57 64 319.5 64h-127c-46.06 0-86.88 27.63-103.99 70.4L71.87 176H12.01C4.2 176-1.53 183.34.37 190.91l6 24C7.7 220.25 12.5 224 18.01 224h20.07C24.65 235.73 16 252.78 16 272v48c0 16.12 6.16 30.67 16 41.93V416c0 17.67 14.33 32 32 32h32c17.67 0 32-14.33 32-32v-32h256v32c0 17.67 14.33 32 32 32h32c17.67 0 32-14.33 32-32v-54.07c9.84-11.25 16-25.8 16-41.93v-48c0-19.22-8.65-36.27-22.07-48H494c5.51 0 10.31-3.75 11.64-9.09l6-24c1.89-7.57-3.84-14.91-11.65-14.91zm-352.06-17.83c7.29-18.22 24.94-30.17 44.57-30.17h127c19.63 0 37.28 11.95 44.57 30.17L384 208H128l19.93-49.83zM96 319.8c-19.2 0-32-12.76-32-31.9S76.8 256 96 256s48 28.71 48 47.85-28.8 15.95-48 15.95zm320 0c-19.2 0-48 3.19-48-15.95S396.8 256 416 256s32 12.76 32 31.9-12.8 31.9-32 31.9z\"><\/path><\/svg>\t\t\t\t<\/span>\n\t\t\t<\/div>\n\t\t\t\n\t\t\t\t\t\t<div class=\"elementor-icon-box-content\">\n\n\t\t\t\t\t\t\t\t\t<h3 class=\"elementor-icon-box-title\">\n\t\t\t\t\t\t<span  >\n\t\t\t\t\t\t\tRemote Car <br> Development\t\t\t\t\t\t<\/span>\n\t\t\t\t\t<\/h3>\n\t\t\t\t\n\t\t\t\t\t\t\t\t\t<p class=\"elementor-icon-box-description\">\n\t\t\t\t\t\tZbuduj zdalnie sterowane autko z cz\u0119\u015bci dostarczonych przez organizator\u00f3w i zmierz si\u0119 z innymi dru\u017cynami na torze wy\u015bcigowym. Liczy si\u0119 szybko\u015b\u0107, optymalizacja konstrukcji, precyzja sterowania i dobra wsp\u00f3\u0142praca zespo\u0142u.\t\t\t\t\t<\/p>\n\t\t\t\t\n\t\t\t<\/div>\n\t\t\t\n\t\t<\/div>\n\t\t\t\t\t\t<\/div>\n\t\t\t\t\t<\/div>\n\t\t\t\t<\/div>\n\t\t<div class=\"elementor-element elementor-element-2d14ca9 e-flex e-con-boxed jltma-glass-effect-no e-con e-parent\" data-id=\"2d14ca9\" data-element_type=\"container\" data-settings=\"{&quot;background_background&quot;:&quot;classic&quot;}\">\n\t\t\t\t\t<div class=\"e-con-inner\">\n\t\t\t\t<div class=\"elementor-element elementor-element-89ed777 jltma-glass-effect-no elementor-widget elementor-widget-heading\" data-id=\"89ed777\" data-element_type=\"widget\" data-widget_type=\"heading.default\">\n\t\t\t\t\t<h2 class=\"elementor-heading-title elementor-size-default\">What does the event look like?<\/h2>\t\t\t\t<\/div>\n\t\t\t\t\t<\/div>\n\t\t\t\t<\/div>\n\t\t<div class=\"elementor-element elementor-element-019996e e-flex e-con-boxed jltma-glass-effect-no e-con e-parent\" data-id=\"019996e\" data-element_type=\"container\" data-settings=\"{&quot;background_background&quot;:&quot;classic&quot;}\">\n\t\t\t\t\t<div class=\"e-con-inner\">\n\t\t\t\t<div class=\"elementor-element elementor-element-0ce3938 elementor-widget__width-initial elementor-widget-mobile__width-initial jltma-glass-effect-no elementor-widget elementor-widget-text-editor\" data-id=\"0ce3938\" data-element_type=\"widget\" data-widget_type=\"text-editor.default\">\n\t\t\t\t\t\t\t\t\t<h4><span style=\"color: #d11507;\">During the event, you can benefit from the support of a mentor.<\/span><\/h4><p>For about 8 hours of creating mock-ups\/remote-controlled cars, participants have the opportunity to consult with a mentor, who provides assistance, guidance and support in solving any problems or doubts.<\/p>\t\t\t\t\t\t\t\t<\/div>\n\t\t\t\t<div class=\"elementor-element elementor-element-2e5d042 elementor-widget__width-initial jltma-glass-effect-no elementor-widget elementor-widget-image\" data-id=\"2e5d042\" data-element_type=\"widget\" data-widget_type=\"image.default\">\n\t\t\t\t\t\t\t\t\t\t\t\t\t\t\t<img decoding=\"async\" width=\"768\" height=\"470\" src=\"https:\/\/best.krakow.pl\/wp-content\/uploads\/2025\/12\/rcdc2-01-768x470.webp\" class=\"attachment-medium_large size-medium_large wp-image-4706\" alt=\"\" srcset=\"https:\/\/best.krakow.pl\/wp-content\/uploads\/2025\/12\/rcdc2-01-768x470.webp 768w, https:\/\/best.krakow.pl\/wp-content\/uploads\/2025\/12\/rcdc2-01-300x184.webp 300w, https:\/\/best.krakow.pl\/wp-content\/uploads\/2025\/12\/rcdc2-01-1024x627.webp 1024w, https:\/\/best.krakow.pl\/wp-content\/uploads\/2025\/12\/rcdc2-01-1536x940.webp 1536w, https:\/\/best.krakow.pl\/wp-content\/uploads\/2025\/12\/rcdc2-01-18x12.webp 18w, https:\/\/best.krakow.pl\/wp-content\/uploads\/2025\/12\/rcdc2-01.webp 1764w\" sizes=\"(max-width: 768px) 100vw, 768px\" \/>\t\t\t\t\t\t\t\t\t\t\t\t\t\t\t<\/div>\n\t\t\t\t\t<\/div>\n\t\t\t\t<\/div>\n\t\t<div class=\"elementor-element elementor-element-130a4eb e-flex e-con-boxed jltma-glass-effect-no e-con e-parent\" data-id=\"130a4eb\" data-element_type=\"container\" data-settings=\"{&quot;background_background&quot;:&quot;classic&quot;}\">\n\t\t\t\t\t<div class=\"e-con-inner\">\n\t\t\t\t<div class=\"elementor-element elementor-element-49ab189 elementor-widget__width-initial jltma-glass-effect-no elementor-widget elementor-widget-image\" data-id=\"49ab189\" data-element_type=\"widget\" data-widget_type=\"image.default\">\n\t\t\t\t\t\t\t\t\t\t\t\t\t\t\t<img decoding=\"async\" width=\"768\" height=\"470\" src=\"https:\/\/best.krakow.pl\/wp-content\/uploads\/2025\/12\/RCDC3-01-768x470.webp\" class=\"attachment-medium_large size-medium_large wp-image-4707\" alt=\"\" srcset=\"https:\/\/best.krakow.pl\/wp-content\/uploads\/2025\/12\/RCDC3-01-768x470.webp 768w, https:\/\/best.krakow.pl\/wp-content\/uploads\/2025\/12\/RCDC3-01-300x184.webp 300w, https:\/\/best.krakow.pl\/wp-content\/uploads\/2025\/12\/RCDC3-01-1024x627.webp 1024w, https:\/\/best.krakow.pl\/wp-content\/uploads\/2025\/12\/RCDC3-01-1536x940.webp 1536w, https:\/\/best.krakow.pl\/wp-content\/uploads\/2025\/12\/RCDC3-01-18x12.webp 18w, https:\/\/best.krakow.pl\/wp-content\/uploads\/2025\/12\/RCDC3-01.webp 1764w\" sizes=\"(max-width: 768px) 100vw, 768px\" \/>\t\t\t\t\t\t\t\t\t\t\t\t\t\t\t<\/div>\n\t\t\t\t<div class=\"elementor-element elementor-element-1ba6e52 elementor-widget__width-initial elementor-widget-mobile__width-initial jltma-glass-effect-no elementor-widget elementor-widget-text-editor\" data-id=\"1ba6e52\" data-element_type=\"widget\" data-widget_type=\"text-editor.default\">\n\t\t\t\t\t\t\t\t\t<h4><span style=\"color: #d11507;\">Vehicle Assist System Challenge - evaluating the work.\u00a0<\/span><\/h4><p>During the RCDC, participants present the results of their several hours of work in any form they choose - it can be a multimedia presentation, a mock-up or a poster. The presentation lasts a few minutes, after which representatives from the academic and business communities ask questions related to the presented project.<\/p>\t\t\t\t\t\t\t\t<\/div>\n\t\t\t\t\t<\/div>\n\t\t\t\t<\/div>\n\t\t<div class=\"elementor-element elementor-element-8078c98 e-flex e-con-boxed jltma-glass-effect-no e-con e-parent\" data-id=\"8078c98\" data-element_type=\"container\" data-settings=\"{&quot;background_background&quot;:&quot;classic&quot;}\">\n\t\t\t\t\t<div class=\"e-con-inner\">\n\t\t\t\t<div class=\"elementor-element elementor-element-1d3375d elementor-widget__width-initial elementor-widget-mobile__width-initial jltma-glass-effect-no elementor-widget elementor-widget-text-editor\" data-id=\"1d3375d\" data-element_type=\"widget\" data-widget_type=\"text-editor.default\">\n\t\t\t\t\t\t\t\t\t<h4><span style=\"color: #d11507;\">Remote Car Development<\/span><span style=\"color: #d11507; font-family: var(--theme-font-family); font-size: var(--theme-font-size); font-style: var(--theme-font-style, inherit); font-variant-ligatures: inherit; font-variant-caps: inherit; font-weight: var(--theme-font-weight); letter-spacing: var(--theme-letter-spacing); text-transform: var(--theme-text-transform);\">\u00a0- evaluating the work.\u00a0<\/span><\/h4><p>After constructing a remote-controlled vehicle, the participant can test its operation on a specially prepared track. During the official run, the driving time is measured by a transponder, and the winner is the one whose car covers the route the fastest.<\/p>\t\t\t\t\t\t\t\t<\/div>\n\t\t\t\t<div class=\"elementor-element elementor-element-d9dd95a elementor-widget__width-initial jltma-glass-effect-no elementor-widget elementor-widget-image\" data-id=\"d9dd95a\" data-element_type=\"widget\" data-widget_type=\"image.default\">\n\t\t\t\t\t\t\t\t\t\t\t\t\t\t\t<img loading=\"lazy\" decoding=\"async\" width=\"768\" height=\"470\" src=\"https:\/\/best.krakow.pl\/wp-content\/uploads\/2025\/12\/rcdc4-01-768x470.webp\" class=\"attachment-medium_large size-medium_large wp-image-4708\" alt=\"\" srcset=\"https:\/\/best.krakow.pl\/wp-content\/uploads\/2025\/12\/rcdc4-01-768x470.webp 768w, https:\/\/best.krakow.pl\/wp-content\/uploads\/2025\/12\/rcdc4-01-300x184.webp 300w, https:\/\/best.krakow.pl\/wp-content\/uploads\/2025\/12\/rcdc4-01-1024x627.webp 1024w, https:\/\/best.krakow.pl\/wp-content\/uploads\/2025\/12\/rcdc4-01-1536x940.webp 1536w, https:\/\/best.krakow.pl\/wp-content\/uploads\/2025\/12\/rcdc4-01-18x12.webp 18w, https:\/\/best.krakow.pl\/wp-content\/uploads\/2025\/12\/rcdc4-01.webp 1764w\" sizes=\"(max-width: 768px) 100vw, 768px\" \/>\t\t\t\t\t\t\t\t\t\t\t\t\t\t\t<\/div>\n\t\t\t\t\t<\/div>\n\t\t\t\t<\/div>\n\t\t<div class=\"elementor-element elementor-element-39f16fa e-flex e-con-boxed jltma-glass-effect-no e-con e-parent\" data-id=\"39f16fa\" data-element_type=\"container\" data-settings=\"{&quot;background_background&quot;:&quot;classic&quot;}\">\n\t\t\t\t\t<div class=\"e-con-inner\">\n\t\t\t\t<div class=\"elementor-element elementor-element-89afc74 jltma-glass-effect-no elementor-widget elementor-widget-heading\" data-id=\"89afc74\" data-element_type=\"widget\" data-widget_type=\"heading.default\">\n\t\t\t\t\t<h2 class=\"elementor-heading-title elementor-size-default\">Kontakt z organizatorem<\/h2>\t\t\t\t<\/div>\n\t\t\t\t\t<\/div>\n\t\t\t\t<\/div>\n\t\t<div class=\"elementor-element elementor-element-dc5f6ce e-flex e-con-boxed jltma-glass-effect-no e-con e-parent\" data-id=\"dc5f6ce\" data-element_type=\"container\" data-settings=\"{&quot;background_background&quot;:&quot;classic&quot;}\">\n\t\t\t\t\t<div class=\"e-con-inner\">\n\t\t\t\t<div class=\"elementor-element elementor-element-8d8a4d6 jltma-glass-effect-no elementor-widget elementor-widget-xpro-team\" data-id=\"8d8a4d6\" data-element_type=\"widget\" data-settings=\"{&quot;layout&quot;:&quot;5&quot;}\" data-widget_type=\"xpro-team.default\">\n\t\t\t\t\t\n<div class=\"xpro-team-wrapper xpro-team-layout-5\">\n\t\n\t\t<div class=\"xpro-team-image\">\n\t\t<img loading=\"lazy\" decoding=\"async\" width=\"227\" height=\"300\" src=\"https:\/\/best.krakow.pl\/wp-content\/uploads\/2025\/12\/Kajetan-Samek-01-227x300.webp\" class=\"attachment-medium size-medium\" alt=\"Cz\u0142onek uczestnik BEST AGH Krak\u00f3w\" srcset=\"https:\/\/best.krakow.pl\/wp-content\/uploads\/2025\/12\/Kajetan-Samek-01-227x300.webp 227w, https:\/\/best.krakow.pl\/wp-content\/uploads\/2025\/12\/Kajetan-Samek-01-250x330.webp 250w, https:\/\/best.krakow.pl\/wp-content\/uploads\/2025\/12\/Kajetan-Samek-01-9x12.webp 9w, https:\/\/best.krakow.pl\/wp-content\/uploads\/2025\/12\/Kajetan-Samek-01.webp 481w\" sizes=\"(max-width: 227px) 100vw, 227px\" \/>\t\t\t\t<\/div>\n<div class=\"xpro-team-content\">\n\t\t\t\t<h2\tclass=\"xpro-team-title\">Kajetan Samek<\/h2>\n\t\t\t<h4 class=\"xpro-team-designation\">Main Coordinator for Contacts with Companies<\/h4>\n\t\t\t<p class=\"xpro-team-description\">Kajetan.Samek@BEST.krakow.pl<\/p>\n\n<\/div>\n<\/div>\n\t\t\t\t<\/div>\n\t\t\t\t\t<\/div>\n\t\t\t\t<\/div>\n\t\t<div class=\"elementor-element elementor-element-f48ce91 e-flex e-con-boxed jltma-glass-effect-no e-con e-parent\" data-id=\"f48ce91\" data-element_type=\"container\" data-settings=\"{&quot;background_background&quot;:&quot;classic&quot;}\">\n\t\t\t\t\t<div class=\"e-con-inner\">\n\t\t\t\t<div class=\"elementor-element elementor-element-1015c63 jltma-glass-effect-no elementor-widget elementor-widget-image\" data-id=\"1015c63\" data-element_type=\"widget\" data-widget_type=\"image.default\">\n\t\t\t\t\t\t\t\t\t\t\t\t\t\t\t<img loading=\"lazy\" decoding=\"async\" width=\"300\" height=\"92\" src=\"https:\/\/best.krakow.pl\/wp-content\/uploads\/2025\/05\/rcdcc-300x92.png\" class=\"attachment-medium size-medium wp-image-3564\" alt=\"\" srcset=\"https:\/\/best.krakow.pl\/wp-content\/uploads\/2025\/05\/rcdcc-300x92.png 300w, https:\/\/best.krakow.pl\/wp-content\/uploads\/2025\/05\/rcdcc-1024x314.png 1024w, https:\/\/best.krakow.pl\/wp-content\/uploads\/2025\/05\/rcdcc-768x235.png 768w, https:\/\/best.krakow.pl\/wp-content\/uploads\/2025\/05\/rcdcc-1536x470.png 1536w, https:\/\/best.krakow.pl\/wp-content\/uploads\/2025\/05\/rcdcc-2048x627.png 2048w\" sizes=\"(max-width: 300px) 100vw, 300px\" \/>\t\t\t\t\t\t\t\t\t\t\t\t\t\t\t<\/div>\n\t\t\t\t\t<\/div>\n\t\t\t\t<\/div>\n\t\t\t\t<\/div>","protected":false},"excerpt":{"rendered":"<p>Remote Car Design Competition Remote Car Design Competition Remote Car Design Competition (RCDC),\u00a0to innowacyjny konkurs in\u017cynierski dla pasjonat\u00f3w motoryzacji, technologii i nowoczesnych rozwi\u0105za\u0144. To przestrze\u0144, w kt\u00f3rej teoria spotyka si\u0119 z praktyk\u0105, a Twoje pomys\u0142y zamieniaj\u0105 si\u0119 w realne projekty. Masz zajawk\u0119 na projektowanie, budow\u0119\u00a0i testowanie? Chcesz sprawdzi\u0107 si\u0119 w rywalizacji i pokaza\u0107 swoje umiej\u0119tno\u015bci [&hellip;]<\/p>\n","protected":false},"author":3,"featured_media":0,"parent":0,"menu_order":0,"comment_status":"closed","ping_status":"closed","template":"","meta":{"footnotes":""},"class_list":["post-3552","page","type-page","status-publish","hentry"],"blocksy_meta":[],"aioseo_notices":[],"_links":{"self":[{"href":"https:\/\/best.krakow.pl\/en\/wp-json\/wp\/v2\/pages\/3552","targetHints":{"allow":["GET"]}}],"collection":[{"href":"https:\/\/best.krakow.pl\/en\/wp-json\/wp\/v2\/pages"}],"about":[{"href":"https:\/\/best.krakow.pl\/en\/wp-json\/wp\/v2\/types\/page"}],"author":[{"embeddable":true,"href":"https:\/\/best.krakow.pl\/en\/wp-json\/wp\/v2\/users\/3"}],"replies":[{"embeddable":true,"href":"https:\/\/best.krakow.pl\/en\/wp-json\/wp\/v2\/comments?post=3552"}],"version-history":[{"count":40,"href":"https:\/\/best.krakow.pl\/en\/wp-json\/wp\/v2\/pages\/3552\/revisions"}],"predecessor-version":[{"id":5073,"href":"https:\/\/best.krakow.pl\/en\/wp-json\/wp\/v2\/pages\/3552\/revisions\/5073"}],"wp:attachment":[{"href":"https:\/\/best.krakow.pl\/en\/wp-json\/wp\/v2\/media?parent=3552"}],"curies":[{"name":"wp","href":"https:\/\/api.w.org\/{rel}","templated":true}]}}