{"id":3510,"date":"2025-05-27T17:46:45","date_gmt":"2025-05-27T15:46:45","guid":{"rendered":"http:\/\/best.krakow.pl\/?page_id=3510"},"modified":"2026-03-23T18:00:31","modified_gmt":"2026-03-23T17:00:31","slug":"inzynierskie-targi-pracy","status":"publish","type":"page","link":"https:\/\/best.krakow.pl\/en\/inzynierskie-targi-pracy\/","title":{"rendered":"Twoja szansa na prac\u0119 \u2013 In\u017cynierskie Targi Pracy w Krakowie"},"content":{"rendered":"<div data-elementor-type=\"wp-page\" data-elementor-id=\"3510\" class=\"elementor elementor-3510\">\n\t\t\t\t<div class=\"elementor-element elementor-element-72cbcaf e-con-full e-flex jltma-glass-effect-no e-con e-parent\" data-id=\"72cbcaf\" data-element_type=\"container\" data-settings=\"{&quot;background_background&quot;:&quot;classic&quot;}\">\n\t\t\t\t<div class=\"elementor-element elementor-element-c8a63f6 jltma-glass-effect-no elementor-widget elementor-widget-heading\" data-id=\"c8a63f6\" data-element_type=\"widget\" data-widget_type=\"heading.default\">\n\t\t\t\t\t<h1 class=\"elementor-heading-title elementor-size-default\">Engineering Job Fair<\/h1>\t\t\t\t<\/div>\n\t\t\t\t<\/div>\n\t\t<div class=\"elementor-element elementor-element-32aa12b e-flex e-con-boxed jltma-glass-effect-no e-con e-parent\" data-id=\"32aa12b\" data-element_type=\"container\" data-settings=\"{&quot;background_background&quot;:&quot;classic&quot;}\">\n\t\t\t\t\t<div class=\"e-con-inner\">\n\t\t\t\t<div class=\"elementor-element elementor-element-bb9a7c8 jltma-glass-effect-no elementor-widget elementor-widget-heading\" data-id=\"bb9a7c8\" data-element_type=\"widget\" data-widget_type=\"heading.default\">\n\t\t\t\t\t<h2 class=\"elementor-heading-title elementor-size-default\">Engineering Job Fair<\/h2>\t\t\t\t<\/div>\n\t\t\t\t\t<\/div>\n\t\t\t\t<\/div>\n\t\t<div class=\"elementor-element elementor-element-7224386 e-flex e-con-boxed jltma-glass-effect-no e-con e-parent\" data-id=\"7224386\" data-element_type=\"container\" data-settings=\"{&quot;background_background&quot;:&quot;classic&quot;}\">\n\t\t\t\t\t<div class=\"e-con-inner\">\n\t\t\t\t<div class=\"elementor-element elementor-element-738dc69 elementor-widget__width-initial elementor-widget-mobile__width-initial jltma-glass-effect-no elementor-widget elementor-widget-text-editor\" data-id=\"738dc69\" data-element_type=\"widget\" data-widget_type=\"text-editor.default\">\n\t\t\t\t\t\t\t\t\t<p><strong><span style=\"color: #f28c12;\">Engineering Job Fair (ITP)<\/span><\/strong> has been eagerly awaited by students at Krakow's universities every spring for over twenty-five years. The aim of ITP is to facilitate direct contact between students and potential employers. Every year, we strive to ensure that the project meets the needs of both students and employers.<\/p>\t\t\t\t\t\t\t\t<\/div>\n\t\t\t\t<div class=\"elementor-element elementor-element-1d08358 jltma-glass-effect-no elementor-widget elementor-widget-image\" data-id=\"1d08358\" data-element_type=\"widget\" data-widget_type=\"image.default\">\n\t\t\t\t\t\t\t\t\t\t\t\t\t\t\t<img fetchpriority=\"high\" decoding=\"async\" width=\"1024\" height=\"234\" src=\"https:\/\/best.krakow.pl\/wp-content\/uploads\/2025\/05\/PRLogo-ITP-1024x234.png\" class=\"attachment-large size-large wp-image-3514\" alt=\"\" srcset=\"https:\/\/best.krakow.pl\/wp-content\/uploads\/2025\/05\/PRLogo-ITP-1024x234.png 1024w, https:\/\/best.krakow.pl\/wp-content\/uploads\/2025\/05\/PRLogo-ITP-300x69.png 300w, https:\/\/best.krakow.pl\/wp-content\/uploads\/2025\/05\/PRLogo-ITP-768x176.png 768w, https:\/\/best.krakow.pl\/wp-content\/uploads\/2025\/05\/PRLogo-ITP-1536x351.png 1536w, https:\/\/best.krakow.pl\/wp-content\/uploads\/2025\/05\/PRLogo-ITP-2048x468.png 2048w\" sizes=\"(max-width: 1024px) 100vw, 1024px\" \/>\t\t\t\t\t\t\t\t\t\t\t\t\t\t\t<\/div>\n\t\t\t\t\t<\/div>\n\t\t\t\t<\/div>\n\t\t<div class=\"elementor-element elementor-element-ece7dcb e-flex e-con-boxed jltma-glass-effect-no e-con e-parent\" data-id=\"ece7dcb\" data-element_type=\"container\" data-settings=\"{&quot;background_background&quot;:&quot;classic&quot;}\">\n\t\t\t\t\t<div class=\"e-con-inner\">\n\t\t\t\t<div class=\"elementor-element elementor-element-ec220c9 jltma-glass-effect-no elementor-widget elementor-widget-button\" data-id=\"ec220c9\" data-element_type=\"widget\" data-widget_type=\"button.default\">\n\t\t\t\t\t\t\t\t\t\t<a class=\"elementor-button elementor-button-link elementor-size-sm\" href=\"https:\/\/itp.best.krakow.pl\">\n\t\t\t\t\t\t<span class=\"elementor-button-content-wrapper\">\n\t\t\t\t\t\t\t\t\t<span class=\"elementor-button-text\">Page of the current edition<\/span>\n\t\t\t\t\t<\/span>\n\t\t\t\t\t<\/a>\n\t\t\t\t\t\t\t\t<\/div>\n\t\t\t\t<div class=\"elementor-element elementor-element-38bbf91 jltma-glass-effect-no elementor-widget elementor-widget-button\" data-id=\"38bbf91\" data-element_type=\"widget\" data-widget_type=\"button.default\">\n\t\t\t\t\t\t\t\t\t\t<a class=\"elementor-button elementor-button-link elementor-size-sm\" href=\"https:\/\/www.flickr.com\/photos\/bestkrakow\/albums\/72177720324603172\/\">\n\t\t\t\t\t\t<span class=\"elementor-button-content-wrapper\">\n\t\t\t\t\t\t\t\t\t<span class=\"elementor-button-text\">Photos from the previous edition<\/span>\n\t\t\t\t\t<\/span>\n\t\t\t\t\t<\/a>\n\t\t\t\t\t\t\t\t<\/div>\n\t\t\t\t\t<\/div>\n\t\t\t\t<\/div>\n\t\t<div class=\"elementor-element elementor-element-d264790 e-flex e-con-boxed jltma-glass-effect-no e-con e-parent\" data-id=\"d264790\" data-element_type=\"container\" data-settings=\"{&quot;background_background&quot;:&quot;classic&quot;}\">\n\t\t\t\t\t<div class=\"e-con-inner\">\n\t\t\t\t<div class=\"elementor-element elementor-element-ccd9223 elementor-view-default jltma-glass-effect-no elementor-widget elementor-widget-icon\" data-id=\"ccd9223\" data-element_type=\"widget\" data-widget_type=\"icon.default\">\n\t\t\t\t\t\t\t<div class=\"elementor-icon-wrapper\">\n\t\t\t<a class=\"elementor-icon\" href=\"https:\/\/www.instagram.com\/itp_best\">\n\t\t\t<svg aria-hidden=\"true\" class=\"e-font-icon-svg e-fab-instagram\" viewbox=\"0 0 448 512\" xmlns=\"http:\/\/www.w3.org\/2000\/svg\"><path d=\"M224.1 141c-63.6 0-114.9 51.3-114.9 114.9s51.3 114.9 114.9 114.9S339 319.5 339 255.9 287.7 141 224.1 141zm0 189.6c-41.1 0-74.7-33.5-74.7-74.7s33.5-74.7 74.7-74.7 74.7 33.5 74.7 74.7-33.6 74.7-74.7 74.7zm146.4-194.3c0 14.9-12 26.8-26.8 26.8-14.9 0-26.8-12-26.8-26.8s12-26.8 26.8-26.8 26.8 12 26.8 26.8zm76.1 27.2c-1.7-35.9-9.9-67.7-36.2-93.9-26.2-26.2-58-34.4-93.9-36.2-37-2.1-147.9-2.1-184.9 0-35.8 1.7-67.6 9.9-93.9 36.1s-34.4 58-36.2 93.9c-2.1 37-2.1 147.9 0 184.9 1.7 35.9 9.9 67.7 36.2 93.9s58 34.4 93.9 36.2c37 2.1 147.9 2.1 184.9 0 35.9-1.7 67.7-9.9 93.9-36.2 26.2-26.2 34.4-58 36.2-93.9 2.1-37 2.1-147.8 0-184.8zM398.8 388c-7.8 19.6-22.9 34.7-42.6 42.6-29.5 11.7-99.5 9-132.1 9s-102.7 2.6-132.1-9c-19.6-7.8-34.7-22.9-42.6-42.6-11.7-29.5-9-99.5-9-132.1s-2.6-102.7 9-132.1c7.8-19.6 22.9-34.7 42.6-42.6 29.5-11.7 99.5-9 132.1-9s102.7-2.6 132.1 9c19.6 7.8 34.7 22.9 42.6 42.6 11.7 29.5 9 99.5 9 132.1s2.7 102.7-9 132.1z\"><\/path><\/svg>\t\t\t<\/a>\n\t\t<\/div>\n\t\t\t\t\t\t<\/div>\n\t\t\t\t<div class=\"elementor-element elementor-element-94f33f4 elementor-view-default jltma-glass-effect-no elementor-widget elementor-widget-icon\" data-id=\"94f33f4\" data-element_type=\"widget\" data-widget_type=\"icon.default\">\n\t\t\t\t\t\t\t<div class=\"elementor-icon-wrapper\">\n\t\t\t<a class=\"elementor-icon\" href=\"https:\/\/www.linkedin.com\/company\/in\u017cynierskie-targi-pracy\">\n\t\t\t<svg aria-hidden=\"true\" class=\"e-font-icon-svg e-fab-linkedin\" viewbox=\"0 0 448 512\" xmlns=\"http:\/\/www.w3.org\/2000\/svg\"><path d=\"M416 32H31.9C14.3 32 0 46.5 0 64.3v383.4C0 465.5 14.3 480 31.9 480H416c17.6 0 32-14.5 32-32.3V64.3c0-17.8-14.4-32.3-32-32.3zM135.4 416H69V202.2h66.5V416zm-33.2-243c-21.3 0-38.5-17.3-38.5-38.5S80.9 96 102.2 96c21.2 0 38.5 17.3 38.5 38.5 0 21.3-17.2 38.5-38.5 38.5zm282.1 243h-66.4V312c0-24.8-.5-56.7-34.5-56.7-34.6 0-39.9 27-39.9 54.9V416h-66.4V202.2h63.7v29.2h.9c8.9-16.8 30.6-34.5 62.9-34.5 67.2 0 79.7 44.3 79.7 101.9V416z\"><\/path><\/svg>\t\t\t<\/a>\n\t\t<\/div>\n\t\t\t\t\t\t<\/div>\n\t\t\t\t\t<\/div>\n\t\t\t\t<\/div>\n\t\t<div class=\"elementor-element elementor-element-b1149dc e-flex e-con-boxed jltma-glass-effect-no e-con e-parent\" data-id=\"b1149dc\" data-element_type=\"container\" data-settings=\"{&quot;background_background&quot;:&quot;classic&quot;}\">\n\t\t\t\t\t<div class=\"e-con-inner\">\n\t\t\t\t<div class=\"elementor-element elementor-element-503165d jltma-glass-effect-no elementor-widget elementor-widget-heading\" data-id=\"503165d\" data-element_type=\"widget\" data-widget_type=\"heading.default\">\n\t\t\t\t\t<h2 class=\"elementor-heading-title elementor-size-default\">What does the event look like?<\/h2>\t\t\t\t<\/div>\n\t\t\t\t\t<\/div>\n\t\t\t\t<\/div>\n\t\t<div class=\"elementor-element elementor-element-4b4969c e-flex e-con-boxed jltma-glass-effect-no e-con e-parent\" data-id=\"4b4969c\" data-element_type=\"container\" data-settings=\"{&quot;background_background&quot;:&quot;classic&quot;}\">\n\t\t\t\t\t<div class=\"e-con-inner\">\n\t\t\t\t<div class=\"elementor-element elementor-element-7b195e1 elementor-widget__width-initial elementor-widget-mobile__width-initial jltma-glass-effect-no elementor-widget elementor-widget-text-editor\" data-id=\"7b195e1\" data-element_type=\"widget\" data-widget_type=\"text-editor.default\">\n\t\t\t\t\t\t\t\t\t<h3><span style=\"color: #f26c2a; font-size: 26px;\">The fair provides an opportunity to meet with representatives of dozens of companies.<\/span><\/h3><p>Continuously\u00a0<strong>for 27 years<\/strong> Engineering Job Fair draws great interest <strong>business environment<\/strong>\u00a0and\u00a0<strong>students, future engineers and graduates<\/strong> of leading technical universities. Representatives of the companies come from the Krakow market, as well as the international sector, which fits the preferences of interested participants. From 10:00 am to 4:00 pm, participants have the opportunity to <strong>talk to Exhibitors<\/strong>, and also\u00a0<strong>have an initial recruitment interview<\/strong>. What's more, you can take a photo for your resume.<\/p>\t\t\t\t\t\t\t\t<\/div>\n\t\t\t\t<div class=\"elementor-element elementor-element-bfd24d9 elementor-widget__width-initial jltma-glass-effect-no elementor-widget elementor-widget-image\" data-id=\"bfd24d9\" data-element_type=\"widget\" data-widget_type=\"image.default\">\n\t\t\t\t\t\t\t\t\t\t\t\t\t\t\t<img decoding=\"async\" width=\"768\" height=\"513\" src=\"https:\/\/best.krakow.pl\/wp-content\/uploads\/2025\/12\/itp1-1-01-768x513.webp\" class=\"attachment-medium_large size-medium_large wp-image-4699\" alt=\"\" srcset=\"https:\/\/best.krakow.pl\/wp-content\/uploads\/2025\/12\/itp1-1-01-768x513.webp 768w, https:\/\/best.krakow.pl\/wp-content\/uploads\/2025\/12\/itp1-1-01-300x200.webp 300w, https:\/\/best.krakow.pl\/wp-content\/uploads\/2025\/12\/itp1-1-01-1024x684.webp 1024w, https:\/\/best.krakow.pl\/wp-content\/uploads\/2025\/12\/itp1-1-01-1536x1025.webp 1536w, https:\/\/best.krakow.pl\/wp-content\/uploads\/2025\/12\/itp1-1-01-18x12.webp 18w, https:\/\/best.krakow.pl\/wp-content\/uploads\/2025\/12\/itp1-1-01.webp 1618w\" sizes=\"(max-width: 768px) 100vw, 768px\" \/>\t\t\t\t\t\t\t\t\t\t\t\t\t\t\t<\/div>\n\t\t\t\t\t<\/div>\n\t\t\t\t<\/div>\n\t\t<div class=\"elementor-element elementor-element-ad92c21 e-flex e-con-boxed jltma-glass-effect-no e-con e-parent\" data-id=\"ad92c21\" data-element_type=\"container\" data-settings=\"{&quot;background_background&quot;:&quot;classic&quot;}\">\n\t\t\t\t\t<div class=\"e-con-inner\">\n\t\t\t\t<div class=\"elementor-element elementor-element-7c1eed0 elementor-widget__width-initial jltma-glass-effect-no elementor-widget elementor-widget-image\" data-id=\"7c1eed0\" data-element_type=\"widget\" data-widget_type=\"image.default\">\n\t\t\t\t\t\t\t\t\t\t\t\t\t\t\t<img decoding=\"async\" width=\"768\" height=\"511\" src=\"https:\/\/best.krakow.pl\/wp-content\/uploads\/2025\/12\/itp3-01-768x511.webp\" class=\"attachment-medium_large size-medium_large wp-image-4700\" alt=\"\" srcset=\"https:\/\/best.krakow.pl\/wp-content\/uploads\/2025\/12\/itp3-01-768x511.webp 768w, https:\/\/best.krakow.pl\/wp-content\/uploads\/2025\/12\/itp3-01-300x200.webp 300w, https:\/\/best.krakow.pl\/wp-content\/uploads\/2025\/12\/itp3-01-1024x681.webp 1024w, https:\/\/best.krakow.pl\/wp-content\/uploads\/2025\/12\/itp3-01-1536x1021.webp 1536w, https:\/\/best.krakow.pl\/wp-content\/uploads\/2025\/12\/itp3-01-18x12.webp 18w, https:\/\/best.krakow.pl\/wp-content\/uploads\/2025\/12\/itp3-01.webp 1624w\" sizes=\"(max-width: 768px) 100vw, 768px\" \/>\t\t\t\t\t\t\t\t\t\t\t\t\t\t\t<\/div>\n\t\t\t\t<div class=\"elementor-element elementor-element-171e3b5 elementor-widget__width-initial elementor-widget-mobile__width-initial jltma-glass-effect-no elementor-widget elementor-widget-text-editor\" data-id=\"171e3b5\" data-element_type=\"widget\" data-widget_type=\"text-editor.default\">\n\t\t\t\t\t\t\t\t\t<h3><span style=\"color: #f26c2a;\">You can relax with a coffee and take part in the competition.\u00a0<\/span><\/h3><p>During the Engineering Job Fair, in addition to talking with potential employers, participants have the opportunity to relax and have fun. Every year, the organizers take care of a special rest area, where you can enjoy a cup of coffee or chat with other participants. In addition, every year a competition with attractive prizes is organized during the event. It takes place every half hour.<\/p>\t\t\t\t\t\t\t\t<\/div>\n\t\t\t\t\t<\/div>\n\t\t\t\t<\/div>\n\t\t<div class=\"elementor-element elementor-element-9bacda6 e-flex e-con-boxed jltma-glass-effect-no e-con e-parent\" data-id=\"9bacda6\" data-element_type=\"container\" data-settings=\"{&quot;background_background&quot;:&quot;classic&quot;}\">\n\t\t\t\t\t<div class=\"e-con-inner\">\n\t\t\t\t<div class=\"elementor-element elementor-element-073d3e1 elementor-widget__width-initial elementor-widget-mobile__width-initial jltma-glass-effect-no elementor-widget elementor-widget-text-editor\" data-id=\"073d3e1\" data-element_type=\"widget\" data-widget_type=\"text-editor.default\">\n\t\t\t\t\t\t\t\t\t<h3><span style=\"color: #f26c2a;\">You can help others during the Fair.<\/span><\/h3><p>At the Engineering Job Fair you can not only take care of your professional future, but also help others. At the Engineering Job Fair you can meet with representatives of DKMS, where you can sign up for the register of potential bone marrow donors.\u00a0<\/p>\t\t\t\t\t\t\t\t<\/div>\n\t\t\t\t<div class=\"elementor-element elementor-element-2f53639 elementor-widget__width-initial jltma-glass-effect-no elementor-widget elementor-widget-image\" data-id=\"2f53639\" data-element_type=\"widget\" data-widget_type=\"image.default\">\n\t\t\t\t\t\t\t\t\t\t\t\t\t\t\t<img loading=\"lazy\" decoding=\"async\" width=\"768\" height=\"432\" src=\"https:\/\/best.krakow.pl\/wp-content\/uploads\/2025\/12\/itp2-01-768x432.webp\" class=\"attachment-medium_large size-medium_large wp-image-4701\" alt=\"\" srcset=\"https:\/\/best.krakow.pl\/wp-content\/uploads\/2025\/12\/itp2-01-768x432.webp 768w, https:\/\/best.krakow.pl\/wp-content\/uploads\/2025\/12\/itp2-01-300x169.webp 300w, https:\/\/best.krakow.pl\/wp-content\/uploads\/2025\/12\/itp2-01-1024x576.webp 1024w, https:\/\/best.krakow.pl\/wp-content\/uploads\/2025\/12\/itp2-01-1536x864.webp 1536w, https:\/\/best.krakow.pl\/wp-content\/uploads\/2025\/12\/itp2-01-18x10.webp 18w, https:\/\/best.krakow.pl\/wp-content\/uploads\/2025\/12\/itp2-01.webp 1920w\" sizes=\"(max-width: 768px) 100vw, 768px\" \/>\t\t\t\t\t\t\t\t\t\t\t\t\t\t\t<\/div>\n\t\t\t\t\t<\/div>\n\t\t\t\t<\/div>\n\t\t<div class=\"elementor-element elementor-element-f27e413 e-flex e-con-boxed jltma-glass-effect-no e-con e-parent\" data-id=\"f27e413\" data-element_type=\"container\" data-settings=\"{&quot;background_background&quot;:&quot;classic&quot;}\">\n\t\t\t\t\t<div class=\"e-con-inner\">\n\t\t\t\t<div class=\"elementor-element elementor-element-1ed43c4 jltma-glass-effect-no elementor-widget elementor-widget-heading\" data-id=\"1ed43c4\" data-element_type=\"widget\" data-widget_type=\"heading.default\">\n\t\t\t\t\t<h2 class=\"elementor-heading-title elementor-size-default\">Contact the organizers<\/h2>\t\t\t\t<\/div>\n\t\t\t\t\t<\/div>\n\t\t\t\t<\/div>\n\t\t<div class=\"elementor-element elementor-element-a39032b e-flex e-con-boxed jltma-glass-effect-no e-con e-parent\" data-id=\"a39032b\" data-element_type=\"container\" data-settings=\"{&quot;background_background&quot;:&quot;classic&quot;}\">\n\t\t\t\t\t<div class=\"e-con-inner\">\n\t\t\t\t<div class=\"elementor-element elementor-element-3791680 jltma-glass-effect-no elementor-widget elementor-widget-xpro-team\" data-id=\"3791680\" data-element_type=\"widget\" data-settings=\"{&quot;layout&quot;:&quot;5&quot;}\" data-widget_type=\"xpro-team.default\">\n\t\t\t\t\t\n<div class=\"xpro-team-wrapper xpro-team-layout-5\">\n\t\n\t\t<div class=\"xpro-team-image\">\n\t\t<img loading=\"lazy\" decoding=\"async\" width=\"227\" height=\"300\" src=\"https:\/\/best.krakow.pl\/wp-content\/uploads\/2025\/12\/Gabriel-01-1-227x300.webp\" class=\"attachment-medium size-medium\" alt=\"\" srcset=\"https:\/\/best.krakow.pl\/wp-content\/uploads\/2025\/12\/Gabriel-01-1-227x300.webp 227w, https:\/\/best.krakow.pl\/wp-content\/uploads\/2025\/12\/Gabriel-01-1-250x330.webp 250w, https:\/\/best.krakow.pl\/wp-content\/uploads\/2025\/12\/Gabriel-01-1-9x12.webp 9w, https:\/\/best.krakow.pl\/wp-content\/uploads\/2025\/12\/Gabriel-01-1.webp 481w\" sizes=\"(max-width: 227px) 100vw, 227px\" \/>\t\t\t\t<\/div>\n<div class=\"xpro-team-content\">\n\t\t\t\t<h2\tclass=\"xpro-team-title\">Gabriel Iwaniuk<\/h2>\n\t\t\t<h4 class=\"xpro-team-designation\">Main Coordinator for Contacts with Companies<\/h4>\n\t\t\t<p class=\"xpro-team-description\">Gabriel.Iwaniuk@BEST.krakow.pl<\/p>\n\n<\/div>\n<\/div>\n\t\t\t\t<\/div>\n\t\t\t\t\t<\/div>\n\t\t\t\t<\/div>\n\t\t<div class=\"elementor-element elementor-element-872eb84 e-flex e-con-boxed jltma-glass-effect-no e-con e-parent\" data-id=\"872eb84\" data-element_type=\"container\" data-settings=\"{&quot;background_background&quot;:&quot;classic&quot;}\">\n\t\t\t\t\t<div class=\"e-con-inner\">\n\t\t\t\t<div class=\"elementor-element elementor-element-6cc2549 jltma-glass-effect-no elementor-widget elementor-widget-image\" data-id=\"6cc2549\" data-element_type=\"widget\" data-widget_type=\"image.default\">\n\t\t\t\t\t\t\t\t\t\t\t\t\t\t\t<img loading=\"lazy\" decoding=\"async\" width=\"300\" height=\"69\" src=\"https:\/\/best.krakow.pl\/wp-content\/uploads\/2025\/05\/itp4-300x69.png\" class=\"attachment-medium size-medium wp-image-3537\" alt=\"\" srcset=\"https:\/\/best.krakow.pl\/wp-content\/uploads\/2025\/05\/itp4-300x69.png 300w, https:\/\/best.krakow.pl\/wp-content\/uploads\/2025\/05\/itp4-1024x234.png 1024w, https:\/\/best.krakow.pl\/wp-content\/uploads\/2025\/05\/itp4-768x176.png 768w, https:\/\/best.krakow.pl\/wp-content\/uploads\/2025\/05\/itp4-1536x351.png 1536w, https:\/\/best.krakow.pl\/wp-content\/uploads\/2025\/05\/itp4-2048x468.png 2048w\" sizes=\"(max-width: 300px) 100vw, 300px\" \/>\t\t\t\t\t\t\t\t\t\t\t\t\t\t\t<\/div>\n\t\t\t\t\t<\/div>\n\t\t\t\t<\/div>\n\t\t\t\t<\/div>","protected":false},"excerpt":{"rendered":"<p>In\u017cynierskie Targi Pracy In\u017cynierskie Targi Pracy In\u017cynierskie Targi Pracy (ITP) to wydarzenie, kt\u00f3re ka\u017cdej wiosny \u2014 od ponad dwudziestu pi\u0119ciu lat \u2014 jest wyczekiwane przez student\u00f3w krakowskich uczelni. Celem ITP jest u\u0142atwienie bezpo\u015bredniego kontaktu student\u00f3w z potencjalnymi pracodawcami. Co roku staramy si\u0119, aby projekt odpowiada\u0142 na potrzeby zar\u00f3wno student\u00f3w, jak i pracodawc\u00f3w. Strona aktualnej edycji [&hellip;]<\/p>\n","protected":false},"author":3,"featured_media":0,"parent":0,"menu_order":0,"comment_status":"closed","ping_status":"closed","template":"","meta":{"footnotes":""},"class_list":["post-3510","page","type-page","status-publish","hentry"],"blocksy_meta":[],"aioseo_notices":[],"_links":{"self":[{"href":"https:\/\/best.krakow.pl\/en\/wp-json\/wp\/v2\/pages\/3510","targetHints":{"allow":["GET"]}}],"collection":[{"href":"https:\/\/best.krakow.pl\/en\/wp-json\/wp\/v2\/pages"}],"about":[{"href":"https:\/\/best.krakow.pl\/en\/wp-json\/wp\/v2\/types\/page"}],"author":[{"embeddable":true,"href":"https:\/\/best.krakow.pl\/en\/wp-json\/wp\/v2\/users\/3"}],"replies":[{"embeddable":true,"href":"https:\/\/best.krakow.pl\/en\/wp-json\/wp\/v2\/comments?post=3510"}],"version-history":[{"count":35,"href":"https:\/\/best.krakow.pl\/en\/wp-json\/wp\/v2\/pages\/3510\/revisions"}],"predecessor-version":[{"id":5063,"href":"https:\/\/best.krakow.pl\/en\/wp-json\/wp\/v2\/pages\/3510\/revisions\/5063"}],"wp:attachment":[{"href":"https:\/\/best.krakow.pl\/en\/wp-json\/wp\/v2\/media?parent=3510"}],"curies":[{"name":"wp","href":"https:\/\/api.w.org\/{rel}","templated":true}]}}