{"id":3487,"date":"2025-05-26T23:11:25","date_gmt":"2025-05-26T21:11:25","guid":{"rendered":"http:\/\/best.krakow.pl\/?page_id=3487"},"modified":"2026-03-23T18:02:02","modified_gmt":"2026-03-23T17:02:02","slug":"bitehack","status":"publish","type":"page","link":"https:\/\/best.krakow.pl\/en\/bitehack\/","title":{"rendered":"BITEhack \u2013 24h hackathon BEST dla student\u00f3w IT i robotyki"},"content":{"rendered":"<div data-elementor-type=\"wp-page\" data-elementor-id=\"3487\" class=\"elementor elementor-3487\">\n\t\t\t\t<div class=\"elementor-element elementor-element-f10a48e e-con-full e-flex jltma-glass-effect-no e-con e-parent\" data-id=\"f10a48e\" data-element_type=\"container\" data-settings=\"{&quot;background_background&quot;:&quot;classic&quot;}\">\n\t\t\t\t<div class=\"elementor-element elementor-element-59ac77e jltma-glass-effect-no elementor-widget elementor-widget-heading\" data-id=\"59ac77e\" data-element_type=\"widget\" data-widget_type=\"heading.default\">\n\t\t\t\t\t<h1 class=\"elementor-heading-title elementor-size-default\">BITEhack<\/h1>\t\t\t\t<\/div>\n\t\t\t\t<div class=\"elementor-element elementor-element-8780b67 jltma-glass-effect-no elementor-widget elementor-widget-button\" data-id=\"8780b67\" data-element_type=\"widget\" data-widget_type=\"button.default\">\n\t\t\t\t\t\t\t\t\t\t<a class=\"elementor-button elementor-button-link elementor-size-sm\" href=\"https:\/\/linktr.ee\/bestkrk\">\n\t\t\t\t\t\t<span class=\"elementor-button-content-wrapper\">\n\t\t\t\t\t\t\t\t\t<span class=\"elementor-button-text\">Zapisz si\u0119!<\/span>\n\t\t\t\t\t<\/span>\n\t\t\t\t\t<\/a>\n\t\t\t\t\t\t\t\t<\/div>\n\t\t\t\t<\/div>\n\t\t<div class=\"elementor-element elementor-element-630430e e-flex e-con-boxed jltma-glass-effect-no e-con e-parent\" data-id=\"630430e\" data-element_type=\"container\" data-settings=\"{&quot;background_background&quot;:&quot;classic&quot;}\">\n\t\t\t\t\t<div class=\"e-con-inner\">\n\t\t\t\t<div class=\"elementor-element elementor-element-14ac51a jltma-glass-effect-no elementor-widget elementor-widget-heading\" data-id=\"14ac51a\" data-element_type=\"widget\" data-widget_type=\"heading.default\">\n\t\t\t\t\t<h2 class=\"elementor-heading-title elementor-size-default\">BITEhack<\/h2>\t\t\t\t<\/div>\n\t\t\t\t\t<\/div>\n\t\t\t\t<\/div>\n\t\t<div class=\"elementor-element elementor-element-1806c93 e-flex e-con-boxed jltma-glass-effect-no e-con e-parent\" data-id=\"1806c93\" data-element_type=\"container\" data-settings=\"{&quot;background_background&quot;:&quot;classic&quot;}\">\n\t\t\t\t\t<div class=\"e-con-inner\">\n\t\t\t\t<div class=\"elementor-element elementor-element-8f5b357 elementor-widget__width-initial elementor-widget-mobile__width-initial jltma-glass-effect-no elementor-widget elementor-widget-text-editor\" data-id=\"8f5b357\" data-element_type=\"widget\" data-widget_type=\"text-editor.default\">\n\t\t\t\t\t\t\t\t\t<p><strong><span style=\"color: #16008b;\">BITEhack<\/span><\/strong>, namely\u00a0<strong><span style=\"color: #16008b;\">BEST IT Extended Hackathon<\/span><\/strong>, is a 24-hour event that brings together automation and robotics, programming and design enthusiasts. In the 24-hour marathon, participants have the opportunity to demonstrate their creativity while solving contemporary problems based on modern technologies. The main goal of the project is to enable students of the AGH University of Science and Technology to use their knowledge to measure themselves against challenges in education, science, and industry. Every year we try to make the project a response to the needs of both students and employers.<\/p>\t\t\t\t\t\t\t\t<\/div>\n\t\t\t\t<div class=\"elementor-element elementor-element-d34e75c jltma-glass-effect-no elementor-widget elementor-widget-image\" data-id=\"d34e75c\" data-element_type=\"widget\" data-widget_type=\"image.default\">\n\t\t\t\t\t\t\t\t\t\t\t\t\t\t\t<img fetchpriority=\"high\" decoding=\"async\" width=\"1024\" height=\"565\" src=\"https:\/\/best.krakow.pl\/wp-content\/uploads\/2025\/05\/PRLogo-BITEhack-czarne-01-1024x565.png\" class=\"attachment-large size-large wp-image-3490\" alt=\"\" srcset=\"https:\/\/best.krakow.pl\/wp-content\/uploads\/2025\/05\/PRLogo-BITEhack-czarne-01-1024x565.png 1024w, https:\/\/best.krakow.pl\/wp-content\/uploads\/2025\/05\/PRLogo-BITEhack-czarne-01-300x165.png 300w, https:\/\/best.krakow.pl\/wp-content\/uploads\/2025\/05\/PRLogo-BITEhack-czarne-01-768x423.png 768w, https:\/\/best.krakow.pl\/wp-content\/uploads\/2025\/05\/PRLogo-BITEhack-czarne-01-1536x847.png 1536w, https:\/\/best.krakow.pl\/wp-content\/uploads\/2025\/05\/PRLogo-BITEhack-czarne-01-2048x1129.png 2048w\" sizes=\"(max-width: 1024px) 100vw, 1024px\" \/>\t\t\t\t\t\t\t\t\t\t\t\t\t\t\t<\/div>\n\t\t\t\t\t<\/div>\n\t\t\t\t<\/div>\n\t\t<div class=\"elementor-element elementor-element-5fabf0b e-flex e-con-boxed jltma-glass-effect-no e-con e-parent\" data-id=\"5fabf0b\" data-element_type=\"container\" data-settings=\"{&quot;background_background&quot;:&quot;classic&quot;}\">\n\t\t\t\t\t<div class=\"e-con-inner\">\n\t\t\t\t<div class=\"elementor-element elementor-element-a55ef08 jltma-glass-effect-no elementor-widget elementor-widget-button\" data-id=\"a55ef08\" data-element_type=\"widget\" data-widget_type=\"button.default\">\n\t\t\t\t\t\t\t\t\t\t<a class=\"elementor-button elementor-button-link elementor-size-sm\" href=\"https:\/\/bitehack.best.krakow.pl\">\n\t\t\t\t\t\t<span class=\"elementor-button-content-wrapper\">\n\t\t\t\t\t\t\t\t\t<span class=\"elementor-button-text\">Page of the current edition<\/span>\n\t\t\t\t\t<\/span>\n\t\t\t\t\t<\/a>\n\t\t\t\t\t\t\t\t<\/div>\n\t\t\t\t<div class=\"elementor-element elementor-element-fce28f2 jltma-glass-effect-no elementor-widget elementor-widget-button\" data-id=\"fce28f2\" data-element_type=\"widget\" data-widget_type=\"button.default\">\n\t\t\t\t\t\t\t\t\t\t<a class=\"elementor-button elementor-button-link elementor-size-sm\" href=\"https:\/\/www.flickr.com\/photos\/bestkrakow\/albums\/72177720322702277\/\">\n\t\t\t\t\t\t<span class=\"elementor-button-content-wrapper\">\n\t\t\t\t\t\t\t\t\t<span class=\"elementor-button-text\">Photos from the previous edition<\/span>\n\t\t\t\t\t<\/span>\n\t\t\t\t\t<\/a>\n\t\t\t\t\t\t\t\t<\/div>\n\t\t\t\t\t<\/div>\n\t\t\t\t<\/div>\n\t\t<div class=\"elementor-element elementor-element-5b6c3c5 e-flex e-con-boxed jltma-glass-effect-no e-con e-parent\" data-id=\"5b6c3c5\" data-element_type=\"container\" data-settings=\"{&quot;background_background&quot;:&quot;classic&quot;}\">\n\t\t\t\t\t<div class=\"e-con-inner\">\n\t\t\t\t<div class=\"elementor-element elementor-element-c9c0a2a jltma-glass-effect-no elementor-widget elementor-widget-heading\" data-id=\"c9c0a2a\" data-element_type=\"widget\" data-widget_type=\"heading.default\">\n\t\t\t\t\t<h2 class=\"elementor-heading-title elementor-size-default\">Categories of the competition<\/h2>\t\t\t\t<\/div>\n\t\t\t\t\t<\/div>\n\t\t\t\t<\/div>\n\t\t<div class=\"elementor-element elementor-element-5939b4b e-flex e-con-boxed jltma-glass-effect-no e-con e-parent\" data-id=\"5939b4b\" data-element_type=\"container\" data-settings=\"{&quot;background_background&quot;:&quot;classic&quot;}\">\n\t\t\t\t\t<div class=\"e-con-inner\">\n\t\t\t\t<div class=\"elementor-element elementor-element-bef4e10 elementor-widget__width-initial elementor-widget-mobile__width-initial elementor-view-default elementor-position-top elementor-mobile-position-top jltma-glass-effect-no elementor-widget elementor-widget-icon-box\" data-id=\"bef4e10\" data-element_type=\"widget\" data-widget_type=\"icon-box.default\">\n\t\t\t\t\t\t\t<div class=\"elementor-icon-box-wrapper\">\n\n\t\t\t\t\t\t<div class=\"elementor-icon-box-icon\">\n\t\t\t\t<span  class=\"elementor-icon\">\n\t\t\t\t<i aria-hidden=\"true\" class=\"im im-network\"><\/i>\t\t\t\t<\/span>\n\t\t\t<\/div>\n\t\t\t\n\t\t\t\t\t\t<div class=\"elementor-icon-box-content\">\n\n\t\t\t\t\t\t\t\t\t<h3 class=\"elementor-icon-box-title\">\n\t\t\t\t\t\t<span  >\n\t\t\t\t\t\t\tClassic\t\t\t\t\t\t<\/span>\n\t\t\t\t\t<\/h3>\n\t\t\t\t\n\t\t\t\t\t\t\t\t\t<p class=\"elementor-icon-box-description\">\n\t\t\t\t\t\tIt involves creating an application that solves a given problem in a technology chosen by the team.\t\t\t\t\t<\/p>\n\t\t\t\t\n\t\t\t<\/div>\n\t\t\t\n\t\t<\/div>\n\t\t\t\t\t\t<\/div>\n\t\t\t\t<div class=\"elementor-element elementor-element-31f1871 elementor-view-default elementor-position-top elementor-mobile-position-top jltma-glass-effect-no elementor-widget elementor-widget-icon-box\" data-id=\"31f1871\" data-element_type=\"widget\" data-widget_type=\"icon-box.default\">\n\t\t\t\t\t\t\t<div class=\"elementor-icon-box-wrapper\">\n\n\t\t\t\t\t\t<div class=\"elementor-icon-box-icon\">\n\t\t\t\t<span  class=\"elementor-icon\">\n\t\t\t\t<svg aria-hidden=\"true\" class=\"e-font-icon-svg e-fas-robot\" viewbox=\"0 0 640 512\" xmlns=\"http:\/\/www.w3.org\/2000\/svg\"><path d=\"M32,224H64V416H32A31.96166,31.96166,0,0,1,0,384V256A31.96166,31.96166,0,0,1,32,224Zm512-48V448a64.06328,64.06328,0,0,1-64,64H160a64.06328,64.06328,0,0,1-64-64V176a79.974,79.974,0,0,1,80-80H288V32a32,32,0,0,1,64,0V96H464A79.974,79.974,0,0,1,544,176ZM264,256a40,40,0,1,0-40,40A39.997,39.997,0,0,0,264,256Zm-8,128H192v32h64Zm96,0H288v32h64ZM456,256a40,40,0,1,0-40,40A39.997,39.997,0,0,0,456,256Zm-8,128H384v32h64ZM640,256V384a31.96166,31.96166,0,0,1-32,32H576V224h32A31.96166,31.96166,0,0,1,640,256Z\"><\/path><\/svg>\t\t\t\t<\/span>\n\t\t\t<\/div>\n\t\t\t\n\t\t\t\t\t\t<div class=\"elementor-icon-box-content\">\n\n\t\t\t\t\t\t\t\t\t<h3 class=\"elementor-icon-box-title\">\n\t\t\t\t\t\t<span  >\n\t\t\t\t\t\t\tRobotic\t\t\t\t\t\t<\/span>\n\t\t\t\t\t<\/h3>\n\t\t\t\t\n\t\t\t\t\t\t\t\t\t<p class=\"elementor-icon-box-description\">\n\t\t\t\t\t\tParticipants create a technology concept using parts provided by a Technical Partner.\t\t\t\t\t<\/p>\n\t\t\t\t\n\t\t\t<\/div>\n\t\t\t\n\t\t<\/div>\n\t\t\t\t\t\t<\/div>\n\t\t\t\t<div class=\"elementor-element elementor-element-d94c597 elementor-view-default elementor-position-top elementor-mobile-position-top jltma-glass-effect-no elementor-widget elementor-widget-icon-box\" data-id=\"d94c597\" data-element_type=\"widget\" data-widget_type=\"icon-box.default\">\n\t\t\t\t\t\t\t<div class=\"elementor-icon-box-wrapper\">\n\n\t\t\t\t\t\t<div class=\"elementor-icon-box-icon\">\n\t\t\t\t<span  class=\"elementor-icon\">\n\t\t\t\t<svg aria-hidden=\"true\" class=\"e-font-icon-svg e-fas-broadcast-tower\" viewbox=\"0 0 640 512\" xmlns=\"http:\/\/www.w3.org\/2000\/svg\"><path d=\"M150.94 192h33.73c11.01 0 18.61-10.83 14.86-21.18-4.93-13.58-7.55-27.98-7.55-42.82s2.62-29.24 7.55-42.82C203.29 74.83 195.68 64 184.67 64h-33.73c-7.01 0-13.46 4.49-15.41 11.23C130.64 92.21 128 109.88 128 128c0 18.12 2.64 35.79 7.54 52.76 1.94 6.74 8.39 11.24 15.4 11.24zM89.92 23.34C95.56 12.72 87.97 0 75.96 0H40.63c-6.27 0-12.14 3.59-14.74 9.31C9.4 45.54 0 85.65 0 128c0 24.75 3.12 68.33 26.69 118.86 2.62 5.63 8.42 9.14 14.61 9.14h34.84c12.02 0 19.61-12.74 13.95-23.37-49.78-93.32-16.71-178.15-.17-209.29zM614.06 9.29C611.46 3.58 605.6 0 599.33 0h-35.42c-11.98 0-19.66 12.66-14.02 23.25 18.27 34.29 48.42 119.42.28 209.23-5.72 10.68 1.8 23.52 13.91 23.52h35.23c6.27 0 12.13-3.58 14.73-9.29C630.57 210.48 640 170.36 640 128s-9.42-82.48-25.94-118.71zM489.06 64h-33.73c-11.01 0-18.61 10.83-14.86 21.18 4.93 13.58 7.55 27.98 7.55 42.82s-2.62 29.24-7.55 42.82c-3.76 10.35 3.85 21.18 14.86 21.18h33.73c7.02 0 13.46-4.49 15.41-11.24 4.9-16.97 7.53-34.64 7.53-52.76 0-18.12-2.64-35.79-7.54-52.76-1.94-6.75-8.39-11.24-15.4-11.24zm-116.3 100.12c7.05-10.29 11.2-22.71 11.2-36.12 0-35.35-28.63-64-63.96-64-35.32 0-63.96 28.65-63.96 64 0 13.41 4.15 25.83 11.2 36.12l-130.5 313.41c-3.4 8.15.46 17.52 8.61 20.92l29.51 12.31c8.15 3.4 17.52-.46 20.91-8.61L244.96 384h150.07l49.2 118.15c3.4 8.16 12.76 12.01 20.91 8.61l29.51-12.31c8.15-3.4 12-12.77 8.61-20.92l-130.5-313.41zM271.62 320L320 203.81 368.38 320h-96.76z\"><\/path><\/svg>\t\t\t\t<\/span>\n\t\t\t<\/div>\n\t\t\t\n\t\t\t\t\t\t<div class=\"elementor-icon-box-content\">\n\n\t\t\t\t\t\t\t\t\t<h3 class=\"elementor-icon-box-title\">\n\t\t\t\t\t\t<span  >\n\t\t\t\t\t\t\tAI\t\t\t\t\t\t<\/span>\n\t\t\t\t\t<\/h3>\n\t\t\t\t\n\t\t\t\t\t\t\t\t\t<p class=\"elementor-icon-box-description\">\n\t\t\t\t\t\tPrzestrze\u0144 na innowacyjny projekt z AI, oceniany pod k\u0105tem skuteczno\u015bci, kreatywno\u015bci i innowacyjno\u015bci.\t\t\t\t\t<\/p>\n\t\t\t\t\n\t\t\t<\/div>\n\t\t\t\n\t\t<\/div>\n\t\t\t\t\t\t<\/div>\n\t\t\t\t\t<\/div>\n\t\t\t\t<\/div>\n\t\t<div class=\"elementor-element elementor-element-5eb97fe e-flex e-con-boxed jltma-glass-effect-no e-con e-parent\" data-id=\"5eb97fe\" data-element_type=\"container\" data-settings=\"{&quot;background_background&quot;:&quot;classic&quot;}\">\n\t\t\t\t\t<div class=\"e-con-inner\">\n\t\t\t\t<div class=\"elementor-element elementor-element-6f15bcd jltma-glass-effect-no elementor-widget elementor-widget-heading\" data-id=\"6f15bcd\" data-element_type=\"widget\" data-widget_type=\"heading.default\">\n\t\t\t\t\t<h2 class=\"elementor-heading-title elementor-size-default\">How are the works evaluated?<\/h2>\t\t\t\t<\/div>\n\t\t\t\t\t<\/div>\n\t\t\t\t<\/div>\n\t\t<div class=\"elementor-element elementor-element-41e1bc3 e-flex e-con-boxed jltma-glass-effect-no e-con e-parent\" data-id=\"41e1bc3\" data-element_type=\"container\" data-settings=\"{&quot;background_background&quot;:&quot;classic&quot;}\">\n\t\t\t\t\t<div class=\"e-con-inner\">\n\t\t\t\t<div class=\"elementor-element elementor-element-3225a54 elementor-widget__width-initial elementor-widget-mobile__width-initial jltma-glass-effect-no elementor-widget elementor-widget-text-editor\" data-id=\"3225a54\" data-element_type=\"widget\" data-widget_type=\"text-editor.default\">\n\t\t\t\t\t\t\t\t\t<p>The results of the 24-hour work are evaluated by<strong>&nbsp;jury<\/strong>, which includes&nbsp;<strong>professors of the AGH University of Science and Technology&nbsp;<\/strong>and<strong>&nbsp;representatives of the event's partners<\/strong>. During the event, those taking part had the constant assistance of mentors from partner companies, who were happy to support with technical advice. Also very popular was the&nbsp;<strong>speed recruitment<\/strong>&nbsp;organized in cooperation with the Main Partner of the event.<\/p>\t\t\t\t\t\t\t\t<\/div>\n\t\t\t\t<div class=\"elementor-element elementor-element-d678405 jltma-glass-effect-no elementor-widget elementor-widget-image\" data-id=\"d678405\" data-element_type=\"widget\" data-widget_type=\"image.default\">\n\t\t\t\t\t\t\t\t\t\t\t\t\t\t\t<img decoding=\"async\" width=\"960\" height=\"540\" src=\"https:\/\/best.krakow.pl\/wp-content\/uploads\/2025\/05\/bh4.jpg\" class=\"attachment-large size-large wp-image-3494\" alt=\"\" srcset=\"https:\/\/best.krakow.pl\/wp-content\/uploads\/2025\/05\/bh4.jpg 960w, https:\/\/best.krakow.pl\/wp-content\/uploads\/2025\/05\/bh4-300x169.jpg 300w, https:\/\/best.krakow.pl\/wp-content\/uploads\/2025\/05\/bh4-768x432.jpg 768w\" sizes=\"(max-width: 960px) 100vw, 960px\" \/>\t\t\t\t\t\t\t\t\t\t\t\t\t\t\t<\/div>\n\t\t\t\t\t<\/div>\n\t\t\t\t<\/div>\n\t\t<div class=\"elementor-element elementor-element-60ba74d e-flex e-con-boxed jltma-glass-effect-no e-con e-parent\" data-id=\"60ba74d\" data-element_type=\"container\" data-settings=\"{&quot;background_background&quot;:&quot;classic&quot;}\">\n\t\t\t\t\t<div class=\"e-con-inner\">\n\t\t\t\t<div class=\"elementor-element elementor-element-f161612 jltma-glass-effect-no elementor-widget elementor-widget-heading\" data-id=\"f161612\" data-element_type=\"widget\" data-widget_type=\"heading.default\">\n\t\t\t\t\t<h2 class=\"elementor-heading-title elementor-size-default\">Contact the organizers<\/h2>\t\t\t\t<\/div>\n\t\t\t\t\t<\/div>\n\t\t\t\t<\/div>\n\t\t<div class=\"elementor-element elementor-element-f359e36 e-flex e-con-boxed jltma-glass-effect-no e-con e-parent\" data-id=\"f359e36\" data-element_type=\"container\" data-settings=\"{&quot;background_background&quot;:&quot;classic&quot;}\">\n\t\t\t\t\t<div class=\"e-con-inner\">\n\t\t\t\t<div class=\"elementor-element elementor-element-dc33085 jltma-glass-effect-no elementor-widget elementor-widget-xpro-team\" data-id=\"dc33085\" data-element_type=\"widget\" data-settings=\"{&quot;layout&quot;:&quot;5&quot;}\" data-widget_type=\"xpro-team.default\">\n\t\t\t\t\t\n<div class=\"xpro-team-wrapper xpro-team-layout-5\">\n\t\n\t\t<div class=\"xpro-team-image\">\n\t\t<img decoding=\"async\" width=\"227\" height=\"300\" src=\"https:\/\/best.krakow.pl\/wp-content\/uploads\/2025\/12\/Jakub-Cyminski-01-227x300.webp\" class=\"attachment-medium size-medium\" alt=\"Cz\u0142onek uczestnik BEST AGH Krak\u00f3w\" srcset=\"https:\/\/best.krakow.pl\/wp-content\/uploads\/2025\/12\/Jakub-Cyminski-01-227x300.webp 227w, https:\/\/best.krakow.pl\/wp-content\/uploads\/2025\/12\/Jakub-Cyminski-01-250x330.webp 250w, https:\/\/best.krakow.pl\/wp-content\/uploads\/2025\/12\/Jakub-Cyminski-01-9x12.webp 9w, https:\/\/best.krakow.pl\/wp-content\/uploads\/2025\/12\/Jakub-Cyminski-01.webp 481w\" sizes=\"(max-width: 227px) 100vw, 227px\" \/>\t\t\t\t<\/div>\n<div class=\"xpro-team-content\">\n\t\t\t\t<h2\tclass=\"xpro-team-title\">Jakub Cymi\u0144ski<\/h2>\n\t\t\t<h4 class=\"xpro-team-designation\">Main Coordinator for Contacts with Companies<\/h4>\n\t\t\t<p class=\"xpro-team-description\">Jakub.Cyminski@BEST.krakow.pl<\/p>\n\n<\/div>\n<\/div>\n\t\t\t\t<\/div>\n\t\t\t\t\t<\/div>\n\t\t\t\t<\/div>\n\t\t<div class=\"elementor-element elementor-element-77b32ef e-con-full e-flex jltma-glass-effect-no e-con e-parent\" data-id=\"77b32ef\" data-element_type=\"container\" data-settings=\"{&quot;background_background&quot;:&quot;classic&quot;}\">\n\t\t\t\t<\/div>\n\t\t<div class=\"elementor-element elementor-element-9ffda2d e-flex e-con-boxed jltma-glass-effect-no e-con e-parent\" data-id=\"9ffda2d\" data-element_type=\"container\" data-settings=\"{&quot;background_background&quot;:&quot;classic&quot;}\">\n\t\t\t\t\t<div class=\"e-con-inner\">\n\t\t\t\t<div class=\"elementor-element elementor-element-b34994f jltma-glass-effect-no elementor-widget elementor-widget-image\" data-id=\"b34994f\" data-element_type=\"widget\" data-widget_type=\"image.default\">\n\t\t\t\t\t\t\t\t\t\t\t\t\t\t\t<img loading=\"lazy\" decoding=\"async\" width=\"1024\" height=\"659\" src=\"https:\/\/best.krakow.pl\/wp-content\/uploads\/2025\/06\/PRLogo-BITEhack-biale-1024x659.png\" class=\"attachment-large size-large wp-image-3976\" alt=\"\" srcset=\"https:\/\/best.krakow.pl\/wp-content\/uploads\/2025\/06\/PRLogo-BITEhack-biale-1024x659.png 1024w, https:\/\/best.krakow.pl\/wp-content\/uploads\/2025\/06\/PRLogo-BITEhack-biale-300x193.png 300w, https:\/\/best.krakow.pl\/wp-content\/uploads\/2025\/06\/PRLogo-BITEhack-biale-768x494.png 768w, https:\/\/best.krakow.pl\/wp-content\/uploads\/2025\/06\/PRLogo-BITEhack-biale-1536x988.png 1536w, https:\/\/best.krakow.pl\/wp-content\/uploads\/2025\/06\/PRLogo-BITEhack-biale-2048x1318.png 2048w\" sizes=\"(max-width: 1024px) 100vw, 1024px\" \/>\t\t\t\t\t\t\t\t\t\t\t\t\t\t\t<\/div>\n\t\t\t\t\t<\/div>\n\t\t\t\t<\/div>\n\t\t\t\t<\/div>","protected":false},"excerpt":{"rendered":"<p>BITEhack Zapisz si\u0119! BITEhack BITEhack,\u00a0czyli\u00a0BEST IT Extended Hackathon, jest 24-godzinnym wydarzeniem, kt\u00f3re gromadzi pasjonat\u00f3w automatyki \u00a0i robotyki, programowania oraz\u00a0projektowania. W ca\u0142odobowym maratonie uczestnicy maj\u0105 mo\u017cliwo\u015b\u0107 wykazania si\u0119 kreatywno\u015bci\u0105 podczas rozwi\u0105zywania wsp\u00f3\u0142czesnych problem\u00f3w w oparciu o nowoczesne technologie. G\u0142\u00f3wnym celem projektu jest umo\u017cliwienie studentom Akademii G\u00f3rniczo-Hutniczej wykorzystania swojej wiedzy w celu mierzenia si\u0119 z wyzwaniami z [&hellip;]<\/p>\n","protected":false},"author":3,"featured_media":0,"parent":0,"menu_order":0,"comment_status":"closed","ping_status":"closed","template":"","meta":{"footnotes":""},"class_list":["post-3487","page","type-page","status-publish","hentry"],"blocksy_meta":[],"aioseo_notices":[],"_links":{"self":[{"href":"https:\/\/best.krakow.pl\/en\/wp-json\/wp\/v2\/pages\/3487","targetHints":{"allow":["GET"]}}],"collection":[{"href":"https:\/\/best.krakow.pl\/en\/wp-json\/wp\/v2\/pages"}],"about":[{"href":"https:\/\/best.krakow.pl\/en\/wp-json\/wp\/v2\/types\/page"}],"author":[{"embeddable":true,"href":"https:\/\/best.krakow.pl\/en\/wp-json\/wp\/v2\/users\/3"}],"replies":[{"embeddable":true,"href":"https:\/\/best.krakow.pl\/en\/wp-json\/wp\/v2\/comments?post=3487"}],"version-history":[{"count":36,"href":"https:\/\/best.krakow.pl\/en\/wp-json\/wp\/v2\/pages\/3487\/revisions"}],"predecessor-version":[{"id":5066,"href":"https:\/\/best.krakow.pl\/en\/wp-json\/wp\/v2\/pages\/3487\/revisions\/5066"}],"wp:attachment":[{"href":"https:\/\/best.krakow.pl\/en\/wp-json\/wp\/v2\/media?parent=3487"}],"curies":[{"name":"wp","href":"https:\/\/api.w.org\/{rel}","templated":true}]}}