{"id":3426,"date":"2025-05-26T16:57:32","date_gmt":"2025-05-26T14:57:32","guid":{"rendered":"http:\/\/best.krakow.pl\/?page_id=3426"},"modified":"2026-03-03T13:47:03","modified_gmt":"2026-03-03T12:47:03","slug":"raport-roczny","status":"publish","type":"page","link":"https:\/\/best.krakow.pl\/en\/raport-roczny\/","title":{"rendered":"Raport Roczny Stowarzyszenia BEST AGH Krak\u00f3w"},"content":{"rendered":"\t\t<div data-elementor-type=\"wp-page\" data-elementor-id=\"3426\" class=\"elementor elementor-3426\">\n\t\t\t\t<div class=\"elementor-element elementor-element-8d3aa2d e-flex e-con-boxed jltma-glass-effect-no e-con e-parent\" data-id=\"8d3aa2d\" data-element_type=\"container\" data-settings=\"{&quot;background_background&quot;:&quot;classic&quot;}\">\n\t\t\t\t\t<div class=\"e-con-inner\">\n\t\t\t\t<div class=\"elementor-element elementor-element-8999575 jltma-glass-effect-no elementor-widget elementor-widget-heading\" data-id=\"8999575\" data-element_type=\"widget\" data-widget_type=\"heading.default\">\n\t\t\t\t\t<h1 class=\"elementor-heading-title elementor-size-default\">Raport roczny<\/h1>\t\t\t\t<\/div>\n\t\t\t\t\t<\/div>\n\t\t\t\t<\/div>\n\t\t<div class=\"elementor-element elementor-element-7b8b61a e-flex e-con-boxed jltma-glass-effect-no e-con e-parent\" data-id=\"7b8b61a\" data-element_type=\"container\" data-settings=\"{&quot;background_background&quot;:&quot;classic&quot;}\">\n\t\t\t\t\t<div class=\"e-con-inner\">\n\t\t\t\t<div class=\"elementor-element elementor-element-21552ab jltma-glass-effect-no elementor-widget elementor-widget-text-editor\" data-id=\"21552ab\" data-element_type=\"widget\" data-widget_type=\"text-editor.default\">\n\t\t\t\t\t\t\t\t\t<p>Je\u017celi chcesz dowiedzie\u0107 si\u0119 wi\u0119cej informacji o nas, przeczytaj nasz Raport Roczny!<\/p>\t\t\t\t\t\t\t\t<\/div>\n\t\t\t\t\t<\/div>\n\t\t\t\t<\/div>\n\t\t<div class=\"elementor-element elementor-element-c32d8c6 e-flex e-con-boxed jltma-glass-effect-no e-con e-parent\" data-id=\"c32d8c6\" data-element_type=\"container\" data-settings=\"{&quot;background_background&quot;:&quot;classic&quot;}\">\n\t\t\t\t\t<div class=\"e-con-inner\">\n\t\t\t\t<div class=\"elementor-element elementor-element-796c0d0 jltma-glass-effect-no elementor-widget elementor-widget-shortcode\" data-id=\"796c0d0\" data-element_type=\"widget\" data-widget_type=\"shortcode.default\">\n\t\t\t\t\t\t\t<div class=\"elementor-shortcode\"><div class=\"_df_book df-lite\" id=\"df_4788\"  _slug=\"4788\" data-title=\"raport-roczny-2024-25\" wpoptions=\"true\" thumb=\"https:\/\/best.krakow.pl\/wp-content\/uploads\/2026\/01\/ANNUAL25YIPPIE-kopia-01.webp\" thumbtype=\"\" ><\/div><script class=\"df-shortcode-script\" nowprocket type=\"application\/javascript\">window.option_df_4788 = {\"outline\":[],\"autoEnableOutline\":\"false\",\"autoEnableThumbnail\":\"false\",\"overwritePDFOutline\":\"false\",\"direction\":\"1\",\"pageSize\":\"0\",\"source\":[\"https:\\\/\\\/best.krakow.pl\\\/wp-content\\\/uploads\\\/2026\\\/01\\\/ANNUAL25YIPPIE-kopia-01.webp\",\"https:\\\/\\\/best.krakow.pl\\\/wp-content\\\/uploads\\\/2026\\\/01\\\/ANNUAL25YIPPIE-kopia-02.webp\",\"https:\\\/\\\/best.krakow.pl\\\/wp-content\\\/uploads\\\/2026\\\/01\\\/ANNUAL25YIPPIE-kopia-03.webp\",\"https:\\\/\\\/best.krakow.pl\\\/wp-content\\\/uploads\\\/2026\\\/01\\\/ANNUAL25YIPPIE-kopia-04.webp\",\"https:\\\/\\\/best.krakow.pl\\\/wp-content\\\/uploads\\\/2026\\\/01\\\/ANNUAL25YIPPIE-kopia-05.webp\",\"https:\\\/\\\/best.krakow.pl\\\/wp-content\\\/uploads\\\/2026\\\/01\\\/ANNUAL25YIPPIE-kopia-06.webp\",\"https:\\\/\\\/best.krakow.pl\\\/wp-content\\\/uploads\\\/2026\\\/01\\\/ANNUAL25YIPPIE-kopia-07.webp\",\"https:\\\/\\\/best.krakow.pl\\\/wp-content\\\/uploads\\\/2026\\\/01\\\/ANNUAL25YIPPIE-kopia-08.webp\",\"https:\\\/\\\/best.krakow.pl\\\/wp-content\\\/uploads\\\/2026\\\/01\\\/ANNUAL25YIPPIE-kopia-09.webp\",\"https:\\\/\\\/best.krakow.pl\\\/wp-content\\\/uploads\\\/2026\\\/01\\\/ANNUAL25YIPPIE-kopia-10.webp\",\"https:\\\/\\\/best.krakow.pl\\\/wp-content\\\/uploads\\\/2026\\\/01\\\/ANNUAL25YIPPIE-kopia-11.webp\",\"https:\\\/\\\/best.krakow.pl\\\/wp-content\\\/uploads\\\/2026\\\/01\\\/ANNUAL25YIPPIE-kopia-12.webp\",\"https:\\\/\\\/best.krakow.pl\\\/wp-content\\\/uploads\\\/2026\\\/01\\\/ANNUAL25YIPPIE-kopia-13.webp\",\"https:\\\/\\\/best.krakow.pl\\\/wp-content\\\/uploads\\\/2026\\\/01\\\/ANNUAL25YIPPIE-kopia-14.webp\",\"https:\\\/\\\/best.krakow.pl\\\/wp-content\\\/uploads\\\/2026\\\/01\\\/ANNUAL25YIPPIE-kopia-15.webp\",\"https:\\\/\\\/best.krakow.pl\\\/wp-content\\\/uploads\\\/2026\\\/01\\\/ANNUAL25YIPPIE-kopia-16.webp\",\"https:\\\/\\\/best.krakow.pl\\\/wp-content\\\/uploads\\\/2026\\\/01\\\/ANNUAL25YIPPIE-kopia-17.webp\",\"https:\\\/\\\/best.krakow.pl\\\/wp-content\\\/uploads\\\/2026\\\/01\\\/ANNUAL25YIPPIE-kopia-18.webp\",\"https:\\\/\\\/best.krakow.pl\\\/wp-content\\\/uploads\\\/2026\\\/01\\\/ANNUAL25YIPPIE-kopia-19.webp\",\"https:\\\/\\\/best.krakow.pl\\\/wp-content\\\/uploads\\\/2026\\\/01\\\/ANNUAL25YIPPIE-kopia-20.webp\",\"https:\\\/\\\/best.krakow.pl\\\/wp-content\\\/uploads\\\/2026\\\/01\\\/ANNUAL25YIPPIE-kopia-21.webp\",\"https:\\\/\\\/best.krakow.pl\\\/wp-content\\\/uploads\\\/2026\\\/01\\\/ANNUAL25YIPPIE-kopia-22.webp\",\"https:\\\/\\\/best.krakow.pl\\\/wp-content\\\/uploads\\\/2026\\\/01\\\/ANNUAL25YIPPIE-kopia-23.webp\",\"https:\\\/\\\/best.krakow.pl\\\/wp-content\\\/uploads\\\/2026\\\/01\\\/ANNUAL25YIPPIE-kopia-24.webp\",\"https:\\\/\\\/best.krakow.pl\\\/wp-content\\\/uploads\\\/2026\\\/01\\\/ANNUAL25YIPPIE-kopia-25.webp\",\"https:\\\/\\\/best.krakow.pl\\\/wp-content\\\/uploads\\\/2026\\\/01\\\/ANNUAL25YIPPIE-kopia-26.webp\",\"https:\\\/\\\/best.krakow.pl\\\/wp-content\\\/uploads\\\/2026\\\/01\\\/ANNUAL25YIPPIE-kopia-27.webp\",\"https:\\\/\\\/best.krakow.pl\\\/wp-content\\\/uploads\\\/2026\\\/01\\\/ANNUAL25YIPPIE-kopia-28.webp\",\"https:\\\/\\\/best.krakow.pl\\\/wp-content\\\/uploads\\\/2026\\\/01\\\/ANNUAL25YIPPIE-kopia-29.webp\",\"https:\\\/\\\/best.krakow.pl\\\/wp-content\\\/uploads\\\/2026\\\/01\\\/ANNUAL25YIPPIE-kopia-30.webp\",\"https:\\\/\\\/best.krakow.pl\\\/wp-content\\\/uploads\\\/2026\\\/01\\\/ANNUAL25YIPPIE-kopia-31.webp\",\"https:\\\/\\\/best.krakow.pl\\\/wp-content\\\/uploads\\\/2026\\\/01\\\/ANNUAL25YIPPIE-kopia-32.webp\",\"https:\\\/\\\/best.krakow.pl\\\/wp-content\\\/uploads\\\/2026\\\/01\\\/ANNUAL25YIPPIE-kopia-33.webp\",\"https:\\\/\\\/best.krakow.pl\\\/wp-content\\\/uploads\\\/2026\\\/01\\\/ANNUAL25YIPPIE-kopia-34.webp\",\"https:\\\/\\\/best.krakow.pl\\\/wp-content\\\/uploads\\\/2026\\\/01\\\/ANNUAL25YIPPIE-kopia-35.webp\",\"https:\\\/\\\/best.krakow.pl\\\/wp-content\\\/uploads\\\/2026\\\/01\\\/ANNUAL25YIPPIE-kopia-36.webp\",\"https:\\\/\\\/best.krakow.pl\\\/wp-content\\\/uploads\\\/2026\\\/01\\\/ANNUAL25YIPPIE-kopia-37.webp\",\"https:\\\/\\\/best.krakow.pl\\\/wp-content\\\/uploads\\\/2026\\\/01\\\/ANNUAL25YIPPIE-kopia-39.webp\",\"https:\\\/\\\/best.krakow.pl\\\/wp-content\\\/uploads\\\/2026\\\/01\\\/ANNUAL25YIPPIE-kopia-38.webp\"],\"wpOptions\":\"true\",\"links\":[[],[],[],[],[],[],[],[],[],[],[],[],[],[],[],[],[],[],[],[],[],[],[],[],[],[],[],[],[],[],[],[],[],[],[],[],[],[],[],[]]}; if(window.DFLIP && window.DFLIP.parseBooks){window.DFLIP.parseBooks();}<\/script><\/div>\n\t\t\t\t\t\t<\/div>\n\t\t\t\t\t<\/div>\n\t\t\t\t<\/div>\n\t\t\t\t<\/div>\n\t\t","protected":false},"excerpt":{"rendered":"<p>Raport roczny Je\u017celi chcesz dowiedzie\u0107 si\u0119 wi\u0119cej informacji o nas, przeczytaj nasz Raport Roczny!<\/p>","protected":false},"author":3,"featured_media":0,"parent":0,"menu_order":0,"comment_status":"closed","ping_status":"closed","template":"","meta":{"footnotes":""},"class_list":["post-3426","page","type-page","status-publish","hentry"],"blocksy_meta":[],"aioseo_notices":[],"_links":{"self":[{"href":"https:\/\/best.krakow.pl\/en\/wp-json\/wp\/v2\/pages\/3426","targetHints":{"allow":["GET"]}}],"collection":[{"href":"https:\/\/best.krakow.pl\/en\/wp-json\/wp\/v2\/pages"}],"about":[{"href":"https:\/\/best.krakow.pl\/en\/wp-json\/wp\/v2\/types\/page"}],"author":[{"embeddable":true,"href":"https:\/\/best.krakow.pl\/en\/wp-json\/wp\/v2\/users\/3"}],"replies":[{"embeddable":true,"href":"https:\/\/best.krakow.pl\/en\/wp-json\/wp\/v2\/comments?post=3426"}],"version-history":[{"count":22,"href":"https:\/\/best.krakow.pl\/en\/wp-json\/wp\/v2\/pages\/3426\/revisions"}],"predecessor-version":[{"id":4960,"href":"https:\/\/best.krakow.pl\/en\/wp-json\/wp\/v2\/pages\/3426\/revisions\/4960"}],"wp:attachment":[{"href":"https:\/\/best.krakow.pl\/en\/wp-json\/wp\/v2\/media?parent=3426"}],"curies":[{"name":"wp","href":"https:\/\/api.w.org\/{rel}","templated":true}]}}